{"id":6197,"date":"2022-09-08T14:11:52","date_gmt":"2022-09-08T11:11:52","guid":{"rendered":"https:\/\/musicart.acischools.k12.tr\/?page_id=6197"},"modified":"2022-09-08T15:01:38","modified_gmt":"2022-09-08T12:01:38","slug":"muzik-ve-sahne-sanatlari","status":"publish","type":"page","link":"https:\/\/musicart.acischools.k12.tr\/?page_id=6197","title":{"rendered":"M\u00fczik ve Sahne Sanatlar\u0131"},"content":{"rendered":"<section id=\"bt_section69f377b5155c8\"  class=\"boldSection topSpaced bottomSpaced gutter inherit\" ><div class=\"port\"><div class=\"boldCell\"><div class=\"boldCellInner\"><div class=\"boldRow \" ><div class=\"boldRowInner\"><div class=\"rowItem btRightBorder col-md-9 col-ms-12  btTextLeft animate animate-fadein btTopVertical\"  data-width=\"9\"><div class=\"rowItemContent\" ><header class=\"header btClear large  btHeaderAccent3\" ><div class=\"dash\"><h2><span class=\"headline\">M\u00dcZ\u0130K VE SAHNE SANATLARI<\/span><\/h2><\/div><\/header><div class=\"bpgPhoto \" ><div class = \"btImage\"><img decoding=\"async\" src=\"\" alt=\"\" title=\"\"><\/div><\/div><div class=\"btClear btSeparator topSemiSpaced noBorder\" ><hr><\/div><div class=\"btText\" ><\/p>\n<p>M\u00fczik ve Sahne Sanatlar\u0131 \u2013 \u00c7ocuk Operas\u0131 program\u0131 ile; m\u00fczik ve sahne sanatlar\u0131 k\u00fclt\u00fcr\u00fcn\u00fcn temel \u00f6\u011felerini bar\u0131nd\u0131ran, m\u00fczik-hikaye-karakter dramatizasyonu ve sahneleme becerilerinin geli\u015ftirilmesi hedeflenir. Program; se\u00e7ilen oyun \u00e7er\u00e7evesinde \u00f6\u011frencilerin yarat\u0131c\u0131l\u0131klar\u0131n\u0131 kullanarak \u00f6\u011frendikleri bilgiler e\u015fli\u011finde, kurgulama, do\u011fa\u00e7lama ve performans deneyimlerini geli\u015ftirmelerine olanak sa\u011flar. Se\u00e7ilen oyun 4. A\u00e7\u0131 D\u00f6nemi ba\u015f\u0131nda (May\u0131s\u2019\u0131n ilk haftas\u0131) sahnelenir.<\/p>\n<p><strong>Program hedeflerimiz:<\/strong><\/p>\n<p>\u2022 Yarat\u0131c\u0131l\u0131k, ifade, yorum becerilerini geli\u015ftirme<br \/>\n\u2022 \u015eark\u0131 s\u00f6yleme becerilerini geli\u015ftirme<br \/>\n\u2022 Do\u011fru duru\u015f ve estetik fark\u0131ndal\u0131\u011f\u0131 olu\u015fturma<br \/>\n\u2022 Sahne kullan\u0131m\u0131 ve hareket becerilerini geli\u015ftirme<br \/>\n\u2022 Jest ve mimik kontrol\u00fcn\u00fc geli\u015ftirme<br \/>\n\u2022 Rol yapma becerisini geli\u015ftirme<\/p>\n<p>\n<\/div><div class=\"btClear btSeparator topSemiSpaced noBorder\" ><hr><\/div><\/div><\/div><div class=\"rowItem col-md-3 col-sm-6 col-ms-12 btTextLeft animate animate-fadein btTopVertical\"  data-width=\"3\"><div class=\"rowItemContent\" ><div class=\"btClear btSeparator topSemiSpaced noBorder\" ><hr><\/div><div class=\"btCustomMenu lcm-menu\" ><div class=\"menu-sahne-sanatlari-container\"><ul id=\"menu-sahne-sanatlari\" class=\"menu\"><li id=\"menu-item-4058\" class=\"menu-item menu-item-type-post_type menu-item-object-page menu-item-4058\"><a href=\"https:\/\/musicart.acischools.k12.tr\/?page_id=4056\">English Drama<\/a><\/li><li id=\"menu-item-4059\" class=\"menu-item menu-item-type-post_type menu-item-object-page menu-item-4059\"><a href=\"https:\/\/musicart.acischools.k12.tr\/?page_id=4054\">M\u00fczikal Drama<\/a><\/li><li id=\"menu-item-6203\" class=\"menu-item menu-item-type-post_type menu-item-object-page menu-item-6203\"><a href=\"https:\/\/musicart.acischools.k12.tr\/?page_id=6197\">M\u00fczik ve Sahne Sanatlar\u0131<\/a><\/li><li id=\"menu-item-4061\" class=\"menu-item menu-item-type-post_type menu-item-object-page menu-item-4061\"><a href=\"https:\/\/musicart.acischools.k12.tr\/?page_id=4048\">Ritim ve Hareket (Pound Fit)<\/a><\/li>\n<\/ul><\/div><\/div><div class=\"btClear btSeparator topSemiSpaced noBorder\" ><hr><\/div><\/div><\/div><\/div><\/div><\/div><\/div><\/div><\/section>\n","protected":false},"excerpt":{"rendered":"","protected":false},"author":1,"featured_media":6206,"parent":4043,"menu_order":0,"comment_status":"closed","ping_status":"closed","template":"","meta":{"footnotes":""},"class_list":["post-6197","page","type-page","status-publish","has-post-thumbnail","hentry"],"_links":{"self":[{"href":"https:\/\/musicart.acischools.k12.tr\/index.php?rest_route=\/wp\/v2\/pages\/6197","targetHints":{"allow":["GET"]}}],"collection":[{"href":"https:\/\/musicart.acischools.k12.tr\/index.php?rest_route=\/wp\/v2\/pages"}],"about":[{"href":"https:\/\/musicart.acischools.k12.tr\/index.php?rest_route=\/wp\/v2\/types\/page"}],"author":[{"embeddable":true,"href":"https:\/\/musicart.acischools.k12.tr\/index.php?rest_route=\/wp\/v2\/users\/1"}],"replies":[{"embeddable":true,"href":"https:\/\/musicart.acischools.k12.tr\/index.php?rest_route=%2Fwp%2Fv2%2Fcomments&post=6197"}],"version-history":[{"count":2,"href":"https:\/\/musicart.acischools.k12.tr\/index.php?rest_route=\/wp\/v2\/pages\/6197\/revisions"}],"predecessor-version":[{"id":6204,"href":"https:\/\/musicart.acischools.k12.tr\/index.php?rest_route=\/wp\/v2\/pages\/6197\/revisions\/6204"}],"up":[{"embeddable":true,"href":"https:\/\/musicart.acischools.k12.tr\/index.php?rest_route=\/wp\/v2\/pages\/4043"}],"wp:featuredmedia":[{"embeddable":true,"href":"https:\/\/musicart.acischools.k12.tr\/index.php?rest_route=\/wp\/v2\/media\/6206"}],"wp:attachment":[{"href":"https:\/\/musicart.acischools.k12.tr\/index.php?rest_route=%2Fwp%2Fv2%2Fmedia&parent=6197"}],"curies":[{"name":"wp","href":"https:\/\/api.w.org\/{rel}","templated":true}]}}