{"id":6031,"date":"2022-02-20T05:04:19","date_gmt":"2022-02-20T02:04:19","guid":{"rendered":"https:\/\/musicart.acischools.k12.tr\/?page_id=6031"},"modified":"2024-10-22T10:34:28","modified_gmt":"2024-10-22T07:34:28","slug":"okul-oncesi","status":"publish","type":"page","link":"https:\/\/musicart.acischools.k12.tr\/?page_id=6031","title":{"rendered":"Okul \u00d6ncesi"},"content":{"rendered":"<section id=\"bt_section69e117813e90e\"  class=\"boldSection topSpaced bottomSpaced gutter inherit\" ><div class=\"port\"><div class=\"boldCell\"><div class=\"boldCellInner\"><div class=\"boldRow \" ><div class=\"boldRowInner\"><div class=\"rowItem btRightBorder col-md-9 col-ms-12  btTextLeft animate animate-fadein btTopVertical\"  data-width=\"9\"><div class=\"rowItemContent\" ><header class=\"header btClear large  btHeaderAccent2\" ><div class=\"dash\"><h2><span class=\"headline\">OKUL \u00d6NCES\u0130<\/span><\/h2><\/div><\/header><header class=\"header btClear small  btHeaderAccent3\" ><div class=\"dash\"><h4><span class=\"headline\">B\u00f6l\u00fcm Sorumlular\u0131: Elif \u00d6zlem G\u00fcner<\/span><\/h4><\/div><\/header><div class=\"btText\" ><\/p>\n<p><em><strong>Elif \u00d6zlem G\u00fcner<\/strong><\/em><\/p>\n<p>M\u00fczik e\u011fitimine 8 ya\u015f\u0131nda Nedim OTYAM&#8217;dan piyano ve solfej dersleri alarak ba\u015flad\u0131. O y\u0131llarda Y\u0131ld\u0131z ALPAR Bale kursuna giderek bale e\u011fitimi ald\u0131. Keman e\u011fitimine Naci MADANO\u011eLU, \u0130stanbul Devlet Senfoni Orkestras\u0131 viyola grup \u015fefi Ersin PAMUK\u00c7U ve sonras\u0131nda \u0130T\u00dc Devlet Konservatuvar\u0131 \u00f6\u011fretim g\u00f6revlisi Dr. Hakan \u015eENSOY dan dersler alarak devam etti.<\/p>\n<p>2005 y\u0131l\u0131nda Y\u0131ld\u0131z Teknik \u00dcniversitesi, Sanat ve Tasar\u0131m Fak\u00fcltesi, M\u00fczik ve Sahne Sanatlar\u0131 B\u00f6l\u00fcm\u00fc\u2019nden mezun oldu. Universite y\u0131llar\u0131nda, keman e\u011fitimini Suheyl PETEKO\u011eLU, ana bilim dal\u0131 lisans e\u011fitimini ise Ahmet Y\u00dcR\u00dcR, Alper MARAL ile s\u00fcrd\u00fcrd\u00fc. 2005 y\u0131l\u0131nda Borusan Sanat M\u00fczik K\u00fct\u00fcphanesi&#8217;nde staj\u0131n\u0131 tamamlad\u0131. 2008 y\u0131l\u0131nda Yeditepe \u00dcniversitesi, E\u011fitim Bilimleri Enstit\u00fcs\u00fc, M\u00fczik \u00d6\u011fretmenli\u011fi alan\u0131nda Y\u00fcksek Lisans\u0131n\u0131 tamamlad\u0131. M\u00fczik e\u011fitiminin yan\u0131 s\u0131ra bale, drama, Latin danslar\u0131 ve Flamenko dans\u0131 e\u011fitimi ald\u0131. \u00dcniversite s\u00fcresince disiplinler aras\u0131 etkile\u015fimi benimseyen e\u011fitim yakla\u015f\u0131m\u0131yla derslerinde geleneksel m\u00fczik e\u011fitimi yerine m\u00fczik, dans, hareket, do\u011fa\u00e7lama, drama, ritim gibi bir\u00e7ok alan\u0131 i\u00e7inde bar\u0131nd\u0131ran, 2006 y\u0131l\u0131nda kat\u0131ld\u0131\u011f\u0131 &#8220;Yeni Ba\u015flayanlar \u0130\u00e7in Orff E\u011fitimi&#8221; adl\u0131 seminer ile tan\u0131\u015ft\u0131\u011f\u0131, orff yakla\u015f\u0131m\u0131n\u0131 uygulamaya ba\u015flad\u0131. 2005\u00a0 y\u0131l\u0131ndan itibaren \u00e7e\u015fitli \u00f6zel okul ve anaokullar\u0131nda piyano ve keman e\u011fitimi, &#8220;\u00c7ocuklarla M\u00fczik At\u00f6lyesi&#8221;, &#8220;Orff ve Hareket E\u011fitimi&#8221;, Latin ve Flamenko dans alanlar\u0131nda e\u011fitim verdi. \u00d6zel bir e\u011fitim-\u00f6\u011fretim kurumunda 10 y\u0131l s\u00fcresince tam zamanl\u0131 anaokul, ilkokul ve ortaokul kademelerinde m\u00fczik \u00f6\u011fretmenli\u011fi g\u00f6revinde bulundu. Anaokulu ve ilkokul seviyesindeki \u00f6\u011frencileri orff-schulwerk yakla\u015f\u0131m\u0131, ilkokul 3.s\u0131n\u0131f itibariyle keman ve piyano bran\u015f\u0131nda m\u00fczik \u00f6\u011fretmenli\u011fi ve k\u0131\u015f okulu bran\u015f derslerini s\u00fcrd\u00fcrd\u00fc.\u00a0 2006 y\u0131l\u0131ndan itibaren T\u00fcrkiye\u2019deki Ulusal ve Uluslararas\u0131 Orff-Schulwerk e\u011fitimleri, seviye geli\u015ftirme level kurslar\u0131 ve Salzburg Mozarteum \u00dcniversitesi Orff Enstit\u00fcs\u00fc\u2019n\u00fcn d\u00fczenledi\u011fi yaz kursuna kat\u0131ld\u0131.<\/p>\n<p>Yurt i\u00e7i ve yurt d\u0131\u015f\u0131nda \u00e7al\u0131\u015ft\u0131\u011f\u0131 ba\u015fl\u0131ca e\u011fitmenler; Prof. Rainer Kotzian, Prof. Ulrike Jungmair, Prof. Werner Beindinger, Christa Coogan, Mari Honda, Ulrike Meyerholz, Lenka Pospisilova, Angelina C.Abasolo, Katarzyna Fichtinger, Doris Valtiner, Angelika Wolf, Insuk Lee, Andrea Sangiorgio, Andrea Ostertag, Soili Perkio, Gerhard Reiter, Wolfgang Hartmann. Verena Maschat.<\/p>\n<p>2021 y\u0131l\u0131 itibariyle A\u00e7\u0131 M\u00fczik ve Sanat Okulu b\u00fcnyesinde A\u00e7\u0131 Levent Okul \u00d6ncesi ve A\u00e7\u0131 Akatlar \u0130lkokulunda M\u00fczik-Dans-Hareket, Performing Arts ve Ritim At\u00f6lyesi dersleri vermektedir. Ayr\u0131ca London College of Music s\u0131navlar\u0131na grade 8 seviyesinde aktif olarak \u00f6\u011frencileri haz\u0131rlamaktad\u0131r.<\/p>\n<p><strong>\u00a0<\/strong><strong>\u00d6\u011fretmenler: <\/strong>Elif \u00d6zlem G\u00fcner, Meltem S\u0131rt\u0131kara<\/p>\n<p>\n<\/div><div class=\"btClear btSeparator topSemiSpaced noBorder\" ><hr><\/div><\/div><\/div><div class=\"rowItem col-md-3 col-sm-6 col-ms-12 btTextLeft animate animate-fadein btTopVertical\"  data-width=\"3\"><div class=\"rowItemContent\" ><div class=\"btClear btSeparator topSemiSpaced noBorder\" ><hr><\/div><header class=\"header btClear medium  btHeaderAccent2\" ><div class=\"dash\"><h3><span class=\"headline\">Y\u00d6NET\u0130C\u0130 KADROSU<\/span><\/h3><\/div><\/header><div class=\"btCustomMenu \" ><div class=\"menu-yonetici-kadrosu-container\"><ul id=\"menu-yonetici-kadrosu\" class=\"menu\"><li id=\"menu-item-3922\" class=\"menu-item menu-item-type-post_type menu-item-object-page menu-item-3922\"><a href=\"https:\/\/musicart.acischools.k12.tr\/?page_id=3894\">M\u00fcd\u00fcr<\/a><\/li><li id=\"menu-item-3940\" class=\"menu-item menu-item-type-post_type menu-item-object-page menu-item-3940\"><a href=\"https:\/\/musicart.acischools.k12.tr\/?page_id=3933\">Koordinat\u00f6r<\/a><\/li>\n<\/ul><\/div><\/div><div class=\"btClear btSeparator topSemiSpaced noBorder\" ><hr><\/div><header class=\"header btClear medium  btHeaderAccent2\" ><div class=\"dash\"><h3><span class=\"headline\">E\u011e\u0130T\u0130M KADROSU<\/span><\/h3><\/div><\/header><div class=\"btCustomMenu \" ><div class=\"menu-egitim-kadrosu-container\"><ul id=\"menu-egitim-kadrosu\" class=\"menu\"><li id=\"menu-item-3945\" class=\"menu-item menu-item-type-post_type menu-item-object-page menu-item-3945\"><a href=\"https:\/\/musicart.acischools.k12.tr\/?page_id=3943\">Piyano<\/a><\/li><li id=\"menu-item-4285\" class=\"menu-item menu-item-type-post_type menu-item-object-page menu-item-4285\"><a href=\"https:\/\/musicart.acischools.k12.tr\/?page_id=4268\">Gitar<\/a><\/li><li id=\"menu-item-4513\" class=\"menu-item menu-item-type-post_type menu-item-object-page menu-item-4513\"><a href=\"https:\/\/musicart.acischools.k12.tr\/?page_id=4511\">G\u00f6rsel Sanatlar<\/a><\/li><li id=\"menu-item-4281\" class=\"menu-item menu-item-type-post_type menu-item-object-page menu-item-4281\"><a href=\"https:\/\/musicart.acischools.k12.tr\/?page_id=4276\">Sahne Sanatlar\u0131<\/a><\/li><li id=\"menu-item-4282\" class=\"menu-item menu-item-type-post_type menu-item-object-page menu-item-4282\"><a href=\"https:\/\/musicart.acischools.k12.tr\/?page_id=4274\">Ses E\u011fitimi<\/a><\/li><li id=\"menu-item-4284\" class=\"menu-item menu-item-type-post_type menu-item-object-page menu-item-4284\"><a href=\"https:\/\/musicart.acischools.k12.tr\/?page_id=4270\">Vurmal\u0131lar<\/a><\/li><li id=\"menu-item-4286\" class=\"menu-item menu-item-type-post_type menu-item-object-page menu-item-4286\"><a href=\"https:\/\/musicart.acischools.k12.tr\/?page_id=4265\">Yayl\u0131lar<\/a><\/li><li id=\"menu-item-6119\" class=\"menu-item menu-item-type-post_type menu-item-object-page menu-item-6119\"><a href=\"https:\/\/musicart.acischools.k12.tr\/?page_id=6031\">Okul \u00d6ncesi<\/a><\/li><li id=\"menu-item-6909\" class=\"menu-item menu-item-type-post_type menu-item-object-page menu-item-6909\"><a href=\"https:\/\/musicart.acischools.k12.tr\/?page_id=6907\">Geli\u015fim Programlar\u0131<\/a><\/li>\n<\/ul><\/div><\/div><div class=\"btClear btSeparator topSemiSpaced noBorder\" ><hr><\/div><\/div><\/div><\/div><\/div><div class=\"boldRow \" ><div class=\"boldRowInner\"><\/div><\/div><div class=\"boldRow \" ><div class=\"boldRowInner\"><\/div><\/div><\/div><\/div><\/div><\/section>\n","protected":false},"excerpt":{"rendered":"","protected":false},"author":1,"featured_media":2501,"parent":3926,"menu_order":0,"comment_status":"closed","ping_status":"closed","template":"","meta":{"footnotes":""},"class_list":["post-6031","page","type-page","status-publish","has-post-thumbnail","hentry"],"_links":{"self":[{"href":"https:\/\/musicart.acischools.k12.tr\/index.php?rest_route=\/wp\/v2\/pages\/6031","targetHints":{"allow":["GET"]}}],"collection":[{"href":"https:\/\/musicart.acischools.k12.tr\/index.php?rest_route=\/wp\/v2\/pages"}],"about":[{"href":"https:\/\/musicart.acischools.k12.tr\/index.php?rest_route=\/wp\/v2\/types\/page"}],"author":[{"embeddable":true,"href":"https:\/\/musicart.acischools.k12.tr\/index.php?rest_route=\/wp\/v2\/users\/1"}],"replies":[{"embeddable":true,"href":"https:\/\/musicart.acischools.k12.tr\/index.php?rest_route=%2Fwp%2Fv2%2Fcomments&post=6031"}],"version-history":[{"count":16,"href":"https:\/\/musicart.acischools.k12.tr\/index.php?rest_route=\/wp\/v2\/pages\/6031\/revisions"}],"predecessor-version":[{"id":6888,"href":"https:\/\/musicart.acischools.k12.tr\/index.php?rest_route=\/wp\/v2\/pages\/6031\/revisions\/6888"}],"up":[{"embeddable":true,"href":"https:\/\/musicart.acischools.k12.tr\/index.php?rest_route=\/wp\/v2\/pages\/3926"}],"wp:featuredmedia":[{"embeddable":true,"href":"https:\/\/musicart.acischools.k12.tr\/index.php?rest_route=\/"}],"wp:attachment":[{"href":"https:\/\/musicart.acischools.k12.tr\/index.php?rest_route=%2Fwp%2Fv2%2Fmedia&parent=6031"}],"curies":[{"name":"wp","href":"https:\/\/api.w.org\/{rel}","templated":true}]}}