{"id":5878,"date":"2020-01-03T11:48:50","date_gmt":"2020-01-03T08:48:50","guid":{"rendered":"https:\/\/musicart.acischools.k12.tr\/?page_id=5878"},"modified":"2020-01-03T11:53:54","modified_gmt":"2020-01-03T08:53:54","slug":"misyon-2","status":"publish","type":"page","link":"https:\/\/musicart.acischools.k12.tr\/?page_id=5878","title":{"rendered":"A\u00e7\u0131 M\u00fczik ve Sanat Okulu &#8211; Ayd\u0131nlatma Metni"},"content":{"rendered":"<section id=\"bt_section6a07a56a0120c\"  class=\"boldSection topSpaced bottomSpaced gutter inherit\" ><div class=\"port\"><div class=\"boldCell\"><div class=\"boldCellInner\"><div class=\"boldRow \" ><div class=\"boldRowInner\"><div class=\"rowItem col-md-12 col-ms-12  btTextLeft animate animate-fadein animate-moveleft inherit btTextIndent\"  data-width=\"12\"><div class=\"rowItemContent\" ><div class=\"boldRow \" ><div class=\"boldRowInner\"><div class=\"rowItem rowInnerItem col-lg-12  btTextLeft inherit\"  ><div class=\"rowItemContent\"><header class=\"header btClear large  btHeaderAccent2\" ><div class=\"dash\"><h2><span class=\"headline\">AYDINLATMA METN\u0130<\/span><\/h2><\/div><\/header><div class=\"btText\" ><\/p>\n<p>Biz, <strong>A\u00e7\u0131 Okullar\u0131<\/strong> (\u201c<strong>A\u00e7\u0131<\/strong>\u201d) olarak ki\u015fisel verilerin korunmas\u0131na de\u011fer veriyor, dolay\u0131s\u0131yla sizin de ayn\u0131 hassasiyeti g\u00f6stermenizi bekliyoruz. Bu sebeple hangi ki\u015fisel veriyi ne ama\u00e7la kulland\u0131\u011f\u0131m\u0131z\u0131 detaylar\u0131yla anlatan bu metni okuman\u0131z, bunlar\u0131n idari ve teknik g\u00fcvenli\u011finden \u201c<strong>Veri sorumlusu<\/strong>\u201d s\u0131fat\u0131yla sorumlu olan <strong>A\u00e7\u0131<\/strong>\u2019n\u0131n y\u00fck\u00fcml\u00fcl\u00fcklerini net bir \u015fekilde anlad\u0131\u011f\u0131n\u0131z\u0131 g\u00f6stermeniz bizim i\u00e7in \u00e7ok \u00f6nemlidir.<\/p>\n<p><strong>Neden bu metni okuyorum?<\/strong><\/p>\n<p>7 Nisan 2016 tarihinde y\u00fcr\u00fcrl\u00fc\u011fe giren 6698 say\u0131l\u0131 \u201cKi\u015fisel Verilerin Korunmas\u0131 Kanunu\u201d (\u201c<strong>KVKK<\/strong>\u201d) 10. maddesi, ki\u015fisel verileri i\u015flenen (kullan\u0131lan) ki\u015filerin (<strong>KVKK\u2019da ilgili ki\u015fi olarak ifade edilmektedir<\/strong>), bu verileri kullanan \u201c<strong>Veri Sorumlusu<\/strong>\u201d taraf\u0131ndan bilgilendirilmesini zorunlu k\u0131lmaktad\u0131r. Bizler de <strong>Veri Sorumlusu<\/strong> olarak size ait i\u015fleyece\u011fimiz ki\u015fisel verilerle ilgili bilgilendirildi\u011finizi ispat etmek durumunday\u0131z.<\/p>\n<p><strong>Kullan\u0131lan ki\u015fisel verileriniz nelerdir?<\/strong><\/p>\n<table>\n<tbody>\n<tr>\n<td width=\"144\"><strong>Veri Kategorisi<\/strong><\/td>\n<td width=\"453\"><strong>\u0130\u015flenen Ki\u015fisel Verileriniz<\/strong><\/td>\n<\/tr>\n<tr>\n<td width=\"144\"><strong>\u0130\u015flem G\u00fcvenli\u011fi Verisi<\/strong><\/td>\n<td width=\"453\">\u0130nternet sitesi giri\u015f-\u00e7\u0131k\u0131\u015f saatiniz, IP adresi bilginiz<\/td>\n<\/tr>\n<\/tbody>\n<\/table>\n<p><strong>Kullan\u0131lan ki\u015fisel verileriniz nas\u0131l ve hangi gerek\u00e7e ile elde ediliyor?<\/strong><\/p>\n<p><strong>A\u00e7\u0131<\/strong> olarak ki\u015fisel verilerinizi,<\/p>\n<ul>\n<li>\u0130nternet sitemizi ziyaretiniz s\u0131ras\u0131nda ger\u00e7ekle\u015ftirdi\u011finiz i\u015flem hareketleriniz<\/li>\n<\/ul>\n<p>vas\u0131tas\u0131yla dijital yollarla (<strong>KVKK\u2019da otomatik olan y\u00f6ntem \u015feklinde ifade edilmektedir<\/strong>) okulumuzla olan ili\u015fkiniz kapsam\u0131nda; <strong>kanunlar\u0131n zorunlu tutmas\u0131 sebebiyle<\/strong> toplamaktay\u0131z.<\/p>\n<p><strong>Elde edilen ki\u015fisel verileriniz neden kullan\u0131l\u0131yor?<\/strong><\/p>\n<p><strong>A\u00e7\u0131<\/strong> olarak yukar\u0131da belirtilen ki\u015fisel verilerinizi;<\/p>\n<p>\u0130\u015flem g\u00fcvenli\u011fi verisi ile belirtilen internet sitesi giri\u015f-\u00e7\u0131k\u0131\u015f saatiniz, IP adresi bilginiz <strong>5651<\/strong> say\u0131l\u0131 \u201c<strong><em>\u0130nternet Ortam\u0131nda Yap\u0131lan Yay\u0131nlar\u0131n D\u00fczenlenmesi ve Bu Yay\u0131nlar Yoluyla \u0130\u015flenen Su\u00e7larla M\u00fccadele Edilmesi Hakk\u0131nda Kanun<\/em><\/strong>\u201d uyar\u0131nca mevzuatta a\u00e7\u0131k\u00e7a \u00f6ng\u00f6r\u00fclen trafik kay\u0131tlar\u0131n\u0131 tutma y\u00fck\u00fcml\u00fcl\u00fc\u011f\u00fcm\u00fcz\u00fc yerine getirebilmek i\u00e7in i\u015fliyor ve <strong>bu ama\u00e7 d\u0131\u015f\u0131nda asla kullanm\u0131yoruz.<\/strong><\/p>\n<p><strong>Ki\u015fisel verileriniz ba\u015fkalar\u0131na aktar\u0131l\u0131yor mu?<\/strong><\/p>\n<p>Evet, ki\u015fisel verilerinizi \u00f6zetle i\u015f ortaklar\u0131m\u0131za, resm\u00ee kurumlara, denet\u00e7ilerimize, avukatlar\u0131m\u0131za, mali m\u00fc\u015favirlerimize aktarmak durumunda kalabiliyoruz. Ancak aktar\u0131m\u0131 yaln\u0131zca belirli ama\u00e7lar \u00e7er\u00e7evesinde ve bilginiz dahilinde yap\u0131yoruz. Dolay\u0131s\u0131yla ki\u015fisel verileriniz;<\/p>\n<ul>\n<li>\u0130\u015f s\u00fcre\u00e7lerimizin mevzuata uygun y\u00fcr\u00fct\u00fclmesi ile hukuk i\u015flerinin takibi ve y\u00fcr\u00fct\u00fclmesi amac\u0131yla avukatlar, denet\u00e7iler ve vergi dan\u0131\u015fmanlar\u0131na,<\/li>\n<li>Yetkili kurum ve kurulu\u015flara bilgi verilmesi amac\u0131yla d\u00fczenleyici ve denetleyici kurumlar ile mahkeme ve icra m\u00fcd\u00fcrl\u00fckleri gibi sair resm\u00ee kurumlara,<\/li>\n<li>Taleplerinizin yerine getirilmesi amac\u0131yla taraf\u0131n\u0131zca yetki verilmi\u015f olan vekil ve temsilcilerinize,<\/li>\n<li>Faaliyetlerimizin devaml\u0131l\u0131\u011f\u0131 ve organizasyon gerekliliklerini sa\u011flamak amac\u0131yla hizmet ald\u0131\u011f\u0131m\u0131z \u00fc\u00e7\u00fcnc\u00fc ki\u015fi \u015firketlere ve i\u015f ortaklar\u0131m\u0131za<\/li>\n<\/ul>\n<p><strong>aktar\u0131labilmektedir.<\/strong><\/p>\n<p><strong>\u00a0<\/strong><\/p>\n<p><strong>KVKK bana hangi haklar\u0131 veriyor?<\/strong><\/p>\n<p><strong>KVKK<\/strong>, size ait ki\u015fisel veriler \u00fczerinde kontrol sa\u011flayabilmeniz amac\u0131yla;<\/p>\n<ul>\n<li>Ki\u015fisel verilerinizin i\u015flenip i\u015flenmedi\u011fini \u00f6\u011frenme,<\/li>\n<li>Ki\u015fisel verileriniz i\u015flenmi\u015fse buna ili\u015fkin bilgi talep etme,<\/li>\n<li>Ki\u015fisel verilerinizin i\u015flenme amac\u0131n\u0131 ve bunlar\u0131n amac\u0131na uygun kullan\u0131p kullan\u0131lmad\u0131\u011f\u0131n\u0131 \u00f6\u011frenme,<\/li>\n<li>Varsa yurt i\u00e7inde veya yurt d\u0131\u015f\u0131nda ki\u015fisel verilerinizin aktar\u0131ld\u0131\u011f\u0131 \u00fc\u00e7\u00fcnc\u00fc ki\u015fileri bilme,<\/li>\n<li>Ki\u015fisel verilerinizin eksik veya yanl\u0131\u015f i\u015flenmi\u015f olmas\u0131 halinde bunlar\u0131n d\u00fczeltilmesini isteme,<\/li>\n<li>Ki\u015fisel verilerinizin silinmesini veya yok edilmesini isteme gibi ve bunlarla s\u0131n\u0131rl\u0131 olmamak \u00fczere bir\u00e7ok hak sa\u011flamaktad\u0131r.<\/li>\n<\/ul>\n<p><u>\u00a0<\/u><\/p>\n<p><u>Bu haklar\u0131n tamam\u0131n\u0131 ve detaylar\u0131n\u0131 <strong>KVKK<\/strong>\u2019n\u0131n 11. maddesinde bulabilirsiniz.<\/u><\/p>\n<p><strong>\u00a0<\/strong><\/p>\n<p><strong>Haklar\u0131m\u0131 nas\u0131l kullanabilirim?<\/strong><\/p>\n<p>Belirtilen haklar\u0131 kullanmak isterseniz taleplerinizi bize yaz\u0131l\u0131 olarak (<strong>\u00f6rne\u011fin ihtarname veya iadeli taahh\u00fctl\u00fc mektup vas\u0131tas\u0131yla<\/strong>) veya kay\u0131tl\u0131 elektronik posta (KEP) adresi, g\u00fcvenli elektronik imza, mobil imza ya da bize daha \u00f6nce bildirdi\u011finiz ve <strong>sistemimizde<\/strong> kay\u0131tl\u0131 bulunan elektronik posta adresinizi kullanmak suretiyle iletebilirsiniz.<\/p>\n<p>\n<\/div><div class=\"btClear btSeparator topSpaced noBorder\" ><hr><\/div><\/div><\/div><\/div><\/div><\/div><\/div><\/div><\/div><\/div><\/div><\/div><\/section>\n","protected":false},"excerpt":{"rendered":"<p>Nanotechnology immersion along the information highway will close the loop on focusing solely on the bottom line.<\/p>\n","protected":false},"author":1,"featured_media":0,"parent":0,"menu_order":0,"comment_status":"closed","ping_status":"closed","template":"","meta":{"footnotes":""},"class_list":["post-5878","page","type-page","status-publish","hentry"],"_links":{"self":[{"href":"https:\/\/musicart.acischools.k12.tr\/index.php?rest_route=\/wp\/v2\/pages\/5878","targetHints":{"allow":["GET"]}}],"collection":[{"href":"https:\/\/musicart.acischools.k12.tr\/index.php?rest_route=\/wp\/v2\/pages"}],"about":[{"href":"https:\/\/musicart.acischools.k12.tr\/index.php?rest_route=\/wp\/v2\/types\/page"}],"author":[{"embeddable":true,"href":"https:\/\/musicart.acischools.k12.tr\/index.php?rest_route=\/wp\/v2\/users\/1"}],"replies":[{"embeddable":true,"href":"https:\/\/musicart.acischools.k12.tr\/index.php?rest_route=%2Fwp%2Fv2%2Fcomments&post=5878"}],"version-history":[{"count":4,"href":"https:\/\/musicart.acischools.k12.tr\/index.php?rest_route=\/wp\/v2\/pages\/5878\/revisions"}],"predecessor-version":[{"id":5882,"href":"https:\/\/musicart.acischools.k12.tr\/index.php?rest_route=\/wp\/v2\/pages\/5878\/revisions\/5882"}],"wp:attachment":[{"href":"https:\/\/musicart.acischools.k12.tr\/index.php?rest_route=%2Fwp%2Fv2%2Fmedia&parent=5878"}],"curies":[{"name":"wp","href":"https:\/\/api.w.org\/{rel}","templated":true}]}}