{"id":4806,"date":"2018-11-20T16:43:37","date_gmt":"2018-11-20T14:43:37","guid":{"rendered":"http:\/\/musicart.acischools.k12.tr\/new\/?page_id=4806"},"modified":"2019-08-13T21:39:27","modified_gmt":"2019-08-13T18:39:27","slug":"maya-sarioglu-2","status":"publish","type":"page","link":"https:\/\/musicart.acischools.k12.tr\/?page_id=4806","title":{"rendered":"Efe S"},"content":{"rendered":"<section id=\"bt_section69d2d771c49f0\"  class=\"boldSection topSpaced bottomSpaced gutter inherit\" ><div class=\"port\"><div class=\"boldCell\"><div class=\"boldCellInner\"><div class=\"boldRow \" ><div class=\"boldRowInner\"><div class=\"rowItem col-md-6 col-sm-12 btTextLeft animate animate-fadein btMiddleVertical btNoPadding\"  data-width=\"6\"><div class=\"rowItemContent\" ><header class=\"header btClear large  btHeaderAccent4\" ><div class=\"dash\"><h2><span class=\"headline\">EFE S\u00dcR\u00dcC\u00dc<\/span><\/h2><\/div><\/header><\/div><\/div><div class=\"rowItem col-md-6 col-sm-12 btTextRight inherit\"  data-width=\"6\"><div class=\"rowItemContent\" ><div class=\"btCustomMenu \" ><div class=\"menu-basarilar-anasayfa-container\"><ul id=\"menu-basarilar-anasayfa\" class=\"menu\"><li id=\"menu-item-4854\" class=\"menu-item menu-item-type-post_type menu-item-object-page menu-item-4854\"><a href=\"https:\/\/musicart.acischools.k12.tr\/?page_id=4424\"><< Ba\u015far\u0131lar<\/a><\/li>\n<\/ul><\/div><\/div><\/div><\/div><\/div><\/div><div class=\"boldRow \" ><div class=\"boldRowInner\"><div class=\"rowItem col-md-4 col-ms-12 btTextLeft animate animate-fadein btTopVertical btNoPadding\"  data-width=\"4\"><div class=\"rowItemContent\" ><div class=\"bpgPhoto \" ><div class = \"btImage\"><img decoding=\"async\" src=\"https:\/\/musicart.acischools.k12.tr\/wp-content\/uploads\/2018\/10\/b-efe-surucu.jpg\" alt=\"\" title=\"\"><\/div><\/div><\/div><\/div><div class=\"rowItem col-md-8 col-ms-12 btTextLeft animate animate-fadein animate-moveleft btTopVertical\"  data-width=\"8\"><div class=\"rowItemContent\" ><div class=\"btText\" ><\/p>\n<p><em><strong>A\u00e7\u0131 M\u00fczik ve Sanat Okulu\u2019na te\u015fekk\u00fcr\u2026<\/strong><\/em><\/p>\n<p>Herkese merhaba,<\/p>\n<p>Ben Efe, 5 ya\u015f\u0131mdan beri A\u00e7\u0131 Okullar\u0131 \u00f6\u011frencisiyim. Hen\u00fcz k\u00fc\u00e7\u00fck ya\u015flarda m\u00fczi\u011fe ilgim ba\u015flad\u0131. \u0130lkokul ikinci s\u0131n\u0131fta A\u00e7\u0131 M\u00fczik ve Sanat Okulunda piyano derslerine ba\u015flad\u0131m. \u00d6\u011fretmenlerimin de y\u00f6nlendirmesiyle \u00f6nce evimize piyano ald\u0131k, ard\u0131ndan Mimar Sinan Devlet Konservatuar\u0131 yar\u0131 zamanl\u0131 piyano b\u00f6l\u00fcm\u00fcn\u00fc kazand\u0131m. \u00dc\u00e7 y\u0131ld\u0131r konservatuarda Melin Molla&#8217;n\u0131n \u00f6\u011frencisiyim, bir\u00e7ok konser verdim. A\u00e7\u0131 M\u00fczik ve Sanat Okulu ve \u00f6\u011fretmenlerimin buna b\u00fcy\u00fck katk\u0131s\u0131 oldu, hepsine buradan \u00e7ok \u00e7ok te\u015fekk\u00fcr etmek istiyorum.<\/p>\n<p>Efe S<\/p>\n<p>\n<\/div><\/div><\/div><\/div><\/div><div class=\"boldRow \" ><div class=\"boldRowInner\"><div class=\"rowItem col-md-12 col-ms-12  btTextLeft animate animate-fadein btMiddleVertical btNoPadding\"  data-width=\"12\"><div class=\"rowItemContent\" ><div class=\"btClear btSeparator topSemiSpaced noBorder\" ><hr><\/div><div class=\"btText\" ><\/div><\/div><\/div><\/div><\/div><\/div><\/div><\/div><\/section>\n","protected":false},"excerpt":{"rendered":"","protected":false},"author":1,"featured_media":3863,"parent":4424,"menu_order":0,"comment_status":"closed","ping_status":"closed","template":"","meta":{"footnotes":""},"class_list":["post-4806","page","type-page","status-publish","has-post-thumbnail","hentry"],"_links":{"self":[{"href":"https:\/\/musicart.acischools.k12.tr\/index.php?rest_route=\/wp\/v2\/pages\/4806","targetHints":{"allow":["GET"]}}],"collection":[{"href":"https:\/\/musicart.acischools.k12.tr\/index.php?rest_route=\/wp\/v2\/pages"}],"about":[{"href":"https:\/\/musicart.acischools.k12.tr\/index.php?rest_route=\/wp\/v2\/types\/page"}],"author":[{"embeddable":true,"href":"https:\/\/musicart.acischools.k12.tr\/index.php?rest_route=\/wp\/v2\/users\/1"}],"replies":[{"embeddable":true,"href":"https:\/\/musicart.acischools.k12.tr\/index.php?rest_route=%2Fwp%2Fv2%2Fcomments&post=4806"}],"version-history":[{"count":5,"href":"https:\/\/musicart.acischools.k12.tr\/index.php?rest_route=\/wp\/v2\/pages\/4806\/revisions"}],"predecessor-version":[{"id":5792,"href":"https:\/\/musicart.acischools.k12.tr\/index.php?rest_route=\/wp\/v2\/pages\/4806\/revisions\/5792"}],"up":[{"embeddable":true,"href":"https:\/\/musicart.acischools.k12.tr\/index.php?rest_route=\/wp\/v2\/pages\/4424"}],"wp:featuredmedia":[{"embeddable":true,"href":"https:\/\/musicart.acischools.k12.tr\/index.php?rest_route=\/wp\/v2\/media\/3863"}],"wp:attachment":[{"href":"https:\/\/musicart.acischools.k12.tr\/index.php?rest_route=%2Fwp%2Fv2%2Fmedia&parent=4806"}],"curies":[{"name":"wp","href":"https:\/\/api.w.org\/{rel}","templated":true}]}}