{"id":4511,"date":"2018-10-30T13:47:19","date_gmt":"2018-10-30T11:47:19","guid":{"rendered":"http:\/\/musicart.acischools.k12.tr\/new\/?page_id=4511"},"modified":"2024-10-22T12:19:06","modified_gmt":"2024-10-22T09:19:06","slug":"gorsel-sanatlar","status":"publish","type":"page","link":"https:\/\/musicart.acischools.k12.tr\/?page_id=4511","title":{"rendered":"G\u00f6rsel Sanatlar"},"content":{"rendered":"<section id=\"bt_section69f42c2e3a3bb\"  class=\"boldSection topSpaced bottomSpaced gutter inherit\" ><div class=\"port\"><div class=\"boldCell\"><div class=\"boldCellInner\"><div class=\"boldRow \" ><div class=\"boldRowInner\"><div class=\"rowItem btRightBorder col-md-9 col-ms-12  btTextLeft animate animate-fadein btTopVertical\"  data-width=\"9\"><div class=\"rowItemContent\" ><header class=\"header btClear large  btHeaderAccent2\" ><div class=\"dash\"><h2><span class=\"headline\">G\u00d6RSEL SANATLAR<\/span><\/h2><\/div><\/header><header class=\"header btClear small  btHeaderAccent3\" ><div class=\"dash\"><h4><span class=\"headline\">B\u00f6l\u00fcm Sorumsu: Tu\u011fba \u00d6zer<\/span><\/h4><\/div><\/header><div class=\"btText\" ><\/p>\n<p><strong><em>Tu\u011fba \u00d6zer<\/em><\/strong><em>, <\/em><\/p>\n<p>Marmara \u00dcniversitesi Atat\u00fcrk E\u011fitim Fak\u00fcltesi\u2019nde sanat e\u011fitimini tamamlad\u0131ktan sonra \u00f6zel okullarda sanat ve foto\u011fraf dersleri vermeye ba\u015flad\u0131. 2006 y\u0131l\u0131nda<strong> \u0130FSAK<\/strong>\u2019ta <strong>Selim Evci K\u0131sa Film At\u00f6lyesi, Cemil A\u011fac\u0131ko\u011flu <\/strong>ile<strong> S\/B Foto\u011fraf<\/strong> ve <strong>Altan Bal<\/strong> ile<strong> Belgesel Foto\u011fraf\u00e7\u0131l\u0131k<\/strong> gibi foto\u011fraf ve sinema alan\u0131nda bir \u00e7ok e\u011fitimler ald\u0131. 2012 y\u0131l\u0131nda <strong>New York Film Academy Los Angeles Campus\u2019<\/strong>te<strong> Digital Filmmaking<\/strong> e\u011fitimi ald\u0131. K\u00fclt\u00fcr ve Turizm Bakanl\u0131\u011f\u0131 deste\u011fiyle <strong>\u0130ki A\u011fa\u00e7<\/strong> adl\u0131 k\u0131sa stop-motion animasyon filminin g\u00f6rsel tasar\u0131m ve y\u00f6netmenli\u011fini yapt\u0131, film \u00e7e\u015fitli festivallerde finalist oldu ve \u201cen iyi animasyon film\u201d dahil bir \u00e7ok \u00f6d\u00fcl ald\u0131. Ayn\u0131 y\u0131l <strong>Art By Chance Ultra Short Film Festival<\/strong>\u2019de \u201cHome\u201d temal\u0131 4. Se\u00e7ki\u2019de yer ald\u0131.<\/p>\n<p>2005 y\u0131l\u0131ndan beri A\u00e7\u0131 Okullar\u0131\u2019nda sanat \u00f6\u011fretmenli\u011fi g\u00f6revinin yan\u0131nda, A\u00e7\u0131 M\u00fczik ve Sanat Okulu \u00c7izgi Roman at\u00f6lyesi ve Stop Motion&amp;Animasyon derslerini y\u00fcr\u00fctmektedir.<\/p>\n<p>G\u00f6rsel Sanatlar E\u011fitmenleri: Aliye \u00d6zgan, Barbaros Altu\u011f, Ezgi K\u0131l\u0131\u00e7, Gizem G\u00fcrle, Meltem S\u0131rt\u0131kara, Meliha Feyza Berker, Tu\u011fba \u00d6zer<\/p>\n<p>\n<\/div><div class=\"btClear btSeparator topSemiSpaced noBorder\" ><hr><\/div><\/div><\/div><div class=\"rowItem col-md-3 col-sm-6 col-ms-12 btTextLeft animate animate-fadein btTopVertical\"  data-width=\"3\"><div class=\"rowItemContent\" ><div class=\"btClear btSeparator topSemiSpaced noBorder\" ><hr><\/div><header class=\"header btClear medium  btHeaderAccent2\" ><div class=\"dash\"><h3><span class=\"headline\">Y\u00d6NET\u0130C\u0130 KADROSU<\/span><\/h3><\/div><\/header><div class=\"btCustomMenu \" ><div class=\"menu-yonetici-kadrosu-container\"><ul id=\"menu-yonetici-kadrosu\" class=\"menu\"><li id=\"menu-item-3922\" class=\"menu-item menu-item-type-post_type menu-item-object-page menu-item-3922\"><a href=\"https:\/\/musicart.acischools.k12.tr\/?page_id=3894\">M\u00fcd\u00fcr<\/a><\/li><li id=\"menu-item-3940\" class=\"menu-item menu-item-type-post_type menu-item-object-page menu-item-3940\"><a href=\"https:\/\/musicart.acischools.k12.tr\/?page_id=3933\">Koordinat\u00f6r<\/a><\/li>\n<\/ul><\/div><\/div><div class=\"btClear btSeparator topSemiSpaced noBorder\" ><hr><\/div><header class=\"header btClear medium  btHeaderAccent2\" ><div class=\"dash\"><h3><span class=\"headline\">E\u011e\u0130T\u0130M KADROSU<\/span><\/h3><\/div><\/header><div class=\"btCustomMenu \" ><div class=\"menu-egitim-kadrosu-container\"><ul id=\"menu-egitim-kadrosu\" class=\"menu\"><li id=\"menu-item-3945\" class=\"menu-item menu-item-type-post_type menu-item-object-page menu-item-3945\"><a href=\"https:\/\/musicart.acischools.k12.tr\/?page_id=3943\">Piyano<\/a><\/li><li id=\"menu-item-4285\" class=\"menu-item menu-item-type-post_type menu-item-object-page menu-item-4285\"><a href=\"https:\/\/musicart.acischools.k12.tr\/?page_id=4268\">Gitar<\/a><\/li><li id=\"menu-item-4513\" class=\"menu-item menu-item-type-post_type menu-item-object-page menu-item-4513\"><a href=\"https:\/\/musicart.acischools.k12.tr\/?page_id=4511\">G\u00f6rsel Sanatlar<\/a><\/li><li id=\"menu-item-4281\" class=\"menu-item menu-item-type-post_type menu-item-object-page menu-item-4281\"><a href=\"https:\/\/musicart.acischools.k12.tr\/?page_id=4276\">Sahne Sanatlar\u0131<\/a><\/li><li id=\"menu-item-4282\" class=\"menu-item menu-item-type-post_type menu-item-object-page menu-item-4282\"><a href=\"https:\/\/musicart.acischools.k12.tr\/?page_id=4274\">Ses E\u011fitimi<\/a><\/li><li id=\"menu-item-4284\" class=\"menu-item menu-item-type-post_type menu-item-object-page menu-item-4284\"><a href=\"https:\/\/musicart.acischools.k12.tr\/?page_id=4270\">Vurmal\u0131lar<\/a><\/li><li id=\"menu-item-4286\" class=\"menu-item menu-item-type-post_type menu-item-object-page menu-item-4286\"><a href=\"https:\/\/musicart.acischools.k12.tr\/?page_id=4265\">Yayl\u0131lar<\/a><\/li><li id=\"menu-item-6119\" class=\"menu-item menu-item-type-post_type menu-item-object-page menu-item-6119\"><a href=\"https:\/\/musicart.acischools.k12.tr\/?page_id=6031\">Okul \u00d6ncesi<\/a><\/li><li id=\"menu-item-6909\" class=\"menu-item menu-item-type-post_type menu-item-object-page menu-item-6909\"><a href=\"https:\/\/musicart.acischools.k12.tr\/?page_id=6907\">Geli\u015fim Programlar\u0131<\/a><\/li>\n<\/ul><\/div><\/div><div class=\"btClear btSeparator topSemiSpaced noBorder\" ><hr><\/div><\/div><\/div><\/div><\/div><div class=\"boldRow \" ><div class=\"boldRowInner\"><\/div><\/div><\/div><\/div><\/div><\/section>\n","protected":false},"excerpt":{"rendered":"","protected":false},"author":1,"featured_media":2501,"parent":3926,"menu_order":0,"comment_status":"closed","ping_status":"closed","template":"","meta":{"footnotes":""},"class_list":["post-4511","page","type-page","status-publish","has-post-thumbnail","hentry"],"_links":{"self":[{"href":"https:\/\/musicart.acischools.k12.tr\/index.php?rest_route=\/wp\/v2\/pages\/4511","targetHints":{"allow":["GET"]}}],"collection":[{"href":"https:\/\/musicart.acischools.k12.tr\/index.php?rest_route=\/wp\/v2\/pages"}],"about":[{"href":"https:\/\/musicart.acischools.k12.tr\/index.php?rest_route=\/wp\/v2\/types\/page"}],"author":[{"embeddable":true,"href":"https:\/\/musicart.acischools.k12.tr\/index.php?rest_route=\/wp\/v2\/users\/1"}],"replies":[{"embeddable":true,"href":"https:\/\/musicart.acischools.k12.tr\/index.php?rest_route=%2Fwp%2Fv2%2Fcomments&post=4511"}],"version-history":[{"count":17,"href":"https:\/\/musicart.acischools.k12.tr\/index.php?rest_route=\/wp\/v2\/pages\/4511\/revisions"}],"predecessor-version":[{"id":6897,"href":"https:\/\/musicart.acischools.k12.tr\/index.php?rest_route=\/wp\/v2\/pages\/4511\/revisions\/6897"}],"up":[{"embeddable":true,"href":"https:\/\/musicart.acischools.k12.tr\/index.php?rest_route=\/wp\/v2\/pages\/3926"}],"wp:featuredmedia":[{"embeddable":true,"href":"https:\/\/musicart.acischools.k12.tr\/index.php?rest_route=\/"}],"wp:attachment":[{"href":"https:\/\/musicart.acischools.k12.tr\/index.php?rest_route=%2Fwp%2Fv2%2Fmedia&parent=4511"}],"curies":[{"name":"wp","href":"https:\/\/api.w.org\/{rel}","templated":true}]}}