{"id":4461,"date":"2018-10-25T18:16:37","date_gmt":"2018-10-25T15:16:37","guid":{"rendered":"http:\/\/musicart.acischools.k12.tr\/new\/?page_id=4461"},"modified":"2022-02-19T17:51:25","modified_gmt":"2022-02-19T14:51:25","slug":"heykel","status":"publish","type":"page","link":"https:\/\/musicart.acischools.k12.tr\/?page_id=4461","title":{"rendered":"Seramik"},"content":{"rendered":"<section id=\"bt_section69f0373ebd9cc\"  class=\"boldSection topSpaced bottomSpaced gutter inherit\" ><div class=\"port\"><div class=\"boldCell\"><div class=\"boldCellInner\"><div class=\"boldRow \" ><div class=\"boldRowInner\"><div class=\"rowItem btRightBorder col-md-9 col-ms-12  btTextLeft animate animate-fadein btTopVertical\"  data-width=\"9\"><div class=\"rowItemContent\" ><header class=\"header btClear large  btHeaderAccent3\" ><div class=\"dash\"><h2><span class=\"headline\">SERAM\u0130K<\/span><\/h2><\/div><\/header><div class=\"bpgPhoto \" ><div class = \"btImage\"><img decoding=\"async\" src=\"https:\/\/musicart.acischools.k12.tr\/wp-content\/uploads\/2022\/02\/1-1.jpg\" alt=\"\" title=\"\"><\/div><\/div><div class=\"btClear btSeparator topSemiSpaced noBorder\" ><hr><\/div><div class=\"btText\" ><\/p>\n<p>Seramik sanat\u0131 ile u\u011fra\u015fmak istiyorsan\u0131z veya kendinize yeni bir hobi alan\u0131 ar\u0131yorsan\u0131z, seramik at\u00f6lyemizde; seramik yap\u0131m\u0131 konusunda temel bilgileri alarak bu alanda zevkli \u00fcretimlerde bulunabilirsiniz.<\/p>\n<p>Seramik At\u00f6lyesinde neler yap\u0131l\u0131r?<br \/>\nKil ile serbest form tasar\u0131mlar\u0131 \u00fczerine \u00e7al\u0131\u015facak olan \u00f6\u011frencilerimiz, modelleme ve pi\u015firme s\u00fcre\u00e7leri ile ilgili bilgi edinip, s\u00fcreci deneyimleyerek \u00a0kendi \u00f6zg\u00fcn \u00e7al\u0131\u015fmalar\u0131n\u0131 olu\u015ftururlar.<\/p>\n<p>\n<\/div><div class=\"btClear btSeparator topSemiSpaced noBorder\" ><hr><\/div><\/div><\/div><div class=\"rowItem col-md-3 col-sm-6 col-ms-12 btTextLeft animate animate-fadein btTopVertical\"  data-width=\"3\"><div class=\"rowItemContent\" ><div class=\"btClear btSeparator topSemiSpaced noBorder\" ><hr><\/div><div class=\"btCustomMenu lcm-menu\" ><div class=\"menu-gorsel-sanatlar-container\"><ul id=\"menu-gorsel-sanatlar\" class=\"menu\"><li id=\"menu-item-6230\" class=\"menu-item menu-item-type-post_type menu-item-object-page menu-item-6230\"><a href=\"https:\/\/musicart.acischools.k12.tr\/?page_id=6228\">Amigurumi<\/a><\/li><li id=\"menu-item-4083\" class=\"menu-item menu-item-type-post_type menu-item-object-page menu-item-4083\"><a href=\"https:\/\/musicart.acischools.k12.tr\/?page_id=4069\">Art\u2019s Cool<\/a><\/li><li id=\"menu-item-4085\" class=\"menu-item menu-item-type-post_type menu-item-object-page menu-item-4085\"><a href=\"https:\/\/musicart.acischools.k12.tr\/?page_id=4074\">\u00c7izgi Roman<\/a><\/li><li id=\"menu-item-4088\" class=\"menu-item menu-item-type-post_type menu-item-object-page menu-item-4088\"><a href=\"https:\/\/musicart.acischools.k12.tr\/?page_id=4080\">Foto\u011fraf<\/a><\/li><li id=\"menu-item-4463\" class=\"menu-item menu-item-type-post_type menu-item-object-page menu-item-4463\"><a href=\"https:\/\/musicart.acischools.k12.tr\/?page_id=4461\">Seramik<\/a><\/li><li id=\"menu-item-4084\" class=\"menu-item menu-item-type-post_type menu-item-object-page menu-item-4084\"><a href=\"https:\/\/musicart.acischools.k12.tr\/?page_id=4072\">Stop Motion Animasyon<\/a><\/li><li id=\"menu-item-4464\" class=\"menu-item menu-item-type-post_type menu-item-object-page menu-item-4464\"><a href=\"https:\/\/musicart.acischools.k12.tr\/?page_id=4459\">\u00dcnl\u00fc Ressamlar\u0131n Tablolar\u0131<\/a><\/li>\n<\/ul><\/div><\/div><div class=\"btClear btSeparator topSemiSpaced noBorder\" ><hr><\/div><\/div><\/div><\/div><\/div><\/div><\/div><\/div><\/section>\n","protected":false},"excerpt":{"rendered":"","protected":false},"author":1,"featured_media":4329,"parent":4064,"menu_order":0,"comment_status":"closed","ping_status":"closed","template":"","meta":{"footnotes":""},"class_list":["post-4461","page","type-page","status-publish","has-post-thumbnail","hentry"],"_links":{"self":[{"href":"https:\/\/musicart.acischools.k12.tr\/index.php?rest_route=\/wp\/v2\/pages\/4461","targetHints":{"allow":["GET"]}}],"collection":[{"href":"https:\/\/musicart.acischools.k12.tr\/index.php?rest_route=\/wp\/v2\/pages"}],"about":[{"href":"https:\/\/musicart.acischools.k12.tr\/index.php?rest_route=\/wp\/v2\/types\/page"}],"author":[{"embeddable":true,"href":"https:\/\/musicart.acischools.k12.tr\/index.php?rest_route=\/wp\/v2\/users\/1"}],"replies":[{"embeddable":true,"href":"https:\/\/musicart.acischools.k12.tr\/index.php?rest_route=%2Fwp%2Fv2%2Fcomments&post=4461"}],"version-history":[{"count":6,"href":"https:\/\/musicart.acischools.k12.tr\/index.php?rest_route=\/wp\/v2\/pages\/4461\/revisions"}],"predecessor-version":[{"id":6057,"href":"https:\/\/musicart.acischools.k12.tr\/index.php?rest_route=\/wp\/v2\/pages\/4461\/revisions\/6057"}],"up":[{"embeddable":true,"href":"https:\/\/musicart.acischools.k12.tr\/index.php?rest_route=\/wp\/v2\/pages\/4064"}],"wp:featuredmedia":[{"embeddable":true,"href":"https:\/\/musicart.acischools.k12.tr\/index.php?rest_route=\/wp\/v2\/media\/4329"}],"wp:attachment":[{"href":"https:\/\/musicart.acischools.k12.tr\/index.php?rest_route=%2Fwp%2Fv2%2Fmedia&parent=4461"}],"curies":[{"name":"wp","href":"https:\/\/api.w.org\/{rel}","templated":true}]}}