{"id":4459,"date":"2018-10-25T18:15:56","date_gmt":"2018-10-25T15:15:56","guid":{"rendered":"http:\/\/musicart.acischools.k12.tr\/new\/?page_id=4459"},"modified":"2024-10-23T14:32:19","modified_gmt":"2024-10-23T11:32:19","slug":"drawing","status":"publish","type":"page","link":"https:\/\/musicart.acischools.k12.tr\/?page_id=4459","title":{"rendered":"\u00dcnl\u00fc Ressamlar\u0131n Tablolar\u0131"},"content":{"rendered":"<section id=\"bt_section69f9db3a08404\"  class=\"boldSection topSpaced bottomSpaced gutter inherit\" ><div class=\"port\"><div class=\"boldCell\"><div class=\"boldCellInner\"><div class=\"boldRow \" ><div class=\"boldRowInner\"><div class=\"rowItem btRightBorder col-md-9 col-ms-12  btTextLeft animate animate-fadein btTopVertical\"  data-width=\"9\"><div class=\"rowItemContent\" ><header class=\"header btClear large  btHeaderAccent3\" ><div class=\"dash\"><h2><span class=\"headline\">\u00dcNL\u00dc RESSAMLARIN TABLOLARI<\/span><\/h2><\/div><\/header><div class=\"bpgPhoto \" ><div class = \"btImage\"><img decoding=\"async\" src=\"https:\/\/musicart.acischools.k12.tr\/wp-content\/uploads\/2018\/12\/drawing.jpg\" alt=\"\" title=\"\"><\/div><\/div><div class=\"btClear btSeparator topSemiSpaced noBorder\" ><hr><\/div><div class=\"btText\" ><\/p>\n<p>\u00d6\u011frencilerimiz, \u201cSanat tarihinden \u00fcnl\u00fc ressamlar\u0131n manzara, portre, nat\u00fcrmort gibi resmin farkl\u0131 konular\u0131ndan se\u00e7ilmi\u015f eserlerini inceleyip sohbet ettikten sonra, se\u00e7ilen bir eserini tuval \u00fczerine reprod\u00fcksiyonunu yaparlar. Bu sayede sanat\u00e7\u0131lar\u0131n eserlerini yaparken hangi renkleri nas\u0131l kulland\u0131\u011f\u0131n\u0131, f\u0131r\u00e7a darbelerini ve sanat tarz\u0131n\u0131 yak\u0131ndan g\u00f6rm\u00fc\u015f olurlar. Ressam Melike KILI\u00c7 taraf\u0131ndan y\u00fcr\u00fct\u00fclen at\u00f6lyemizde gen\u00e7 sanat\u00e7\u0131lar\u0131m\u0131z\u0131n yarat\u0131c\u0131klar\u0131n\u0131 g\u00f6rmek i\u00e7in sab\u0131rs\u0131zlan\u0131yoruz.<\/p>\n<p>\n<\/div><div class=\"btClear btSeparator topSemiSpaced noBorder\" ><hr><\/div><\/div><\/div><div class=\"rowItem col-md-3 col-sm-6 col-ms-12 btTextLeft animate animate-fadein btTopVertical\"  data-width=\"3\"><div class=\"rowItemContent\" ><div class=\"btClear btSeparator topSemiSpaced noBorder\" ><hr><\/div><div class=\"btCustomMenu lcm-menu\" ><div class=\"menu-gorsel-sanatlar-container\"><ul id=\"menu-gorsel-sanatlar\" class=\"menu\"><li id=\"menu-item-6230\" class=\"menu-item menu-item-type-post_type menu-item-object-page menu-item-6230\"><a href=\"https:\/\/musicart.acischools.k12.tr\/?page_id=6228\">Amigurumi<\/a><\/li><li id=\"menu-item-4083\" class=\"menu-item menu-item-type-post_type menu-item-object-page menu-item-4083\"><a href=\"https:\/\/musicart.acischools.k12.tr\/?page_id=4069\">Art\u2019s Cool<\/a><\/li><li id=\"menu-item-4085\" class=\"menu-item menu-item-type-post_type menu-item-object-page menu-item-4085\"><a href=\"https:\/\/musicart.acischools.k12.tr\/?page_id=4074\">\u00c7izgi Roman<\/a><\/li><li id=\"menu-item-4088\" class=\"menu-item menu-item-type-post_type menu-item-object-page menu-item-4088\"><a href=\"https:\/\/musicart.acischools.k12.tr\/?page_id=4080\">Foto\u011fraf<\/a><\/li><li id=\"menu-item-4463\" class=\"menu-item menu-item-type-post_type menu-item-object-page menu-item-4463\"><a href=\"https:\/\/musicart.acischools.k12.tr\/?page_id=4461\">Seramik<\/a><\/li><li id=\"menu-item-4084\" class=\"menu-item menu-item-type-post_type menu-item-object-page menu-item-4084\"><a href=\"https:\/\/musicart.acischools.k12.tr\/?page_id=4072\">Stop Motion Animasyon<\/a><\/li><li id=\"menu-item-4464\" class=\"menu-item menu-item-type-post_type menu-item-object-page menu-item-4464\"><a href=\"https:\/\/musicart.acischools.k12.tr\/?page_id=4459\">\u00dcnl\u00fc Ressamlar\u0131n Tablolar\u0131<\/a><\/li>\n<\/ul><\/div><\/div><div class=\"btClear btSeparator topSemiSpaced noBorder\" ><hr><\/div><\/div><\/div><\/div><\/div><\/div><\/div><\/div><\/section>\n","protected":false},"excerpt":{"rendered":"","protected":false},"author":1,"featured_media":4329,"parent":4064,"menu_order":0,"comment_status":"closed","ping_status":"closed","template":"","meta":{"footnotes":""},"class_list":["post-4459","page","type-page","status-publish","has-post-thumbnail","hentry"],"_links":{"self":[{"href":"https:\/\/musicart.acischools.k12.tr\/index.php?rest_route=\/wp\/v2\/pages\/4459","targetHints":{"allow":["GET"]}}],"collection":[{"href":"https:\/\/musicart.acischools.k12.tr\/index.php?rest_route=\/wp\/v2\/pages"}],"about":[{"href":"https:\/\/musicart.acischools.k12.tr\/index.php?rest_route=\/wp\/v2\/types\/page"}],"author":[{"embeddable":true,"href":"https:\/\/musicart.acischools.k12.tr\/index.php?rest_route=\/wp\/v2\/users\/1"}],"replies":[{"embeddable":true,"href":"https:\/\/musicart.acischools.k12.tr\/index.php?rest_route=%2Fwp%2Fv2%2Fcomments&post=4459"}],"version-history":[{"count":10,"href":"https:\/\/musicart.acischools.k12.tr\/index.php?rest_route=\/wp\/v2\/pages\/4459\/revisions"}],"predecessor-version":[{"id":6922,"href":"https:\/\/musicart.acischools.k12.tr\/index.php?rest_route=\/wp\/v2\/pages\/4459\/revisions\/6922"}],"up":[{"embeddable":true,"href":"https:\/\/musicart.acischools.k12.tr\/index.php?rest_route=\/wp\/v2\/pages\/4064"}],"wp:featuredmedia":[{"embeddable":true,"href":"https:\/\/musicart.acischools.k12.tr\/index.php?rest_route=\/wp\/v2\/media\/4329"}],"wp:attachment":[{"href":"https:\/\/musicart.acischools.k12.tr\/index.php?rest_route=%2Fwp%2Fv2%2Fmedia&parent=4459"}],"curies":[{"name":"wp","href":"https:\/\/api.w.org\/{rel}","templated":true}]}}