{"id":4276,"date":"2018-10-24T11:52:32","date_gmt":"2018-10-24T08:52:32","guid":{"rendered":"http:\/\/musicart.acischools.k12.tr\/new\/?page_id=4276"},"modified":"2024-10-22T10:06:00","modified_gmt":"2024-10-22T07:06:00","slug":"sahne-sanatlari","status":"publish","type":"page","link":"https:\/\/musicart.acischools.k12.tr\/?page_id=4276","title":{"rendered":"Sahne Sanatlar\u0131"},"content":{"rendered":"<section id=\"bt_section69e0feb1a2d32\"  class=\"boldSection topSpaced bottomSpaced gutter inherit\" ><div class=\"port\"><div class=\"boldCell\"><div class=\"boldCellInner\"><div class=\"boldRow \" ><div class=\"boldRowInner\"><div class=\"rowItem btRightBorder col-md-9 col-ms-12  btTextLeft animate animate-fadein btTopVertical\"  data-width=\"9\"><div class=\"rowItemContent\" ><header class=\"header btClear large  btHeaderAccent2\" ><div class=\"dash\"><h2><span class=\"headline\">SAHNE SANATLARI<\/span><\/h2><\/div><\/header><header class=\"header btClear small  btHeaderAccent3\" ><div class=\"dash\"><h4><span class=\"headline\">B\u00f6l\u00fcm Sorumlusu: Berrin Debayar<\/span><\/h4><\/div><\/header><div class=\"btText\" ><\/p>\n<p>2000 y\u0131l\u0131nda Mimar Sinan \u00dcniversitesi Devlet Konservatuar\u0131 Opera Ana sanat Dal\u0131 M\u00fczikal b\u00f6l\u00fcm\u00fcnden mezun oldu. 2014 y\u0131l\u0131nda Y\u0131ld\u0131z Teknik \u00dcniversitesinden \u201cPedagojik Formasyon\u201d sertifikas\u0131n\u0131 ald\u0131ktan sonra ayn\u0131 y\u0131l M.E.B \u00d6zel \u0130stanbul Drama Sanat Akademisi\u2019nde \u201cYarat\u0131c\u0131 Drama Liderli\u011fi\u201d sertifika program\u0131na kat\u0131l\u0131p e\u011fitimini tamamlad\u0131.<\/p>\n<p>2008 y\u0131l\u0131ndan beri Ulus \u00d6zel Musevi Okullar\u0131nda \u0130ngilizce ve T\u00fcrk\u00e7e olmak \u00fczere drama ve m\u00fczikal \u00f6\u011fretmenli\u011fi yap\u0131yor. Ayr\u0131ca, 2012 y\u0131l\u0131ndan beri Ulus \u00d6zel Musevi Okullar\u0131nda ve Tiyatrokare\u2019de yarat\u0131c\u0131 drama at\u00f6lye \u00e7al\u0131\u015fmalar\u0131 yapmaya devam ediyor. 2011-2013 y\u0131llar\u0131 aras\u0131nda A\u00e7\u0131 Okullar\u0131nda Drama ve m\u00fczikal \u00f6\u011fretmenli\u011fi yapt\u0131. G\u00f6revine, A\u00e7\u0131 M\u00fczik Okulunda \u0130ngilizce M\u00fczikal \u00f6\u011fretmenli\u011fi yaparak devam ediyor.<\/p>\n<p>\u201cDelidolu\u201d (Operet M\u00fczikal), \u201cAnlat \u015eehrazat\u201d (M\u00fczikal), \u201cF\u0131nd\u0131kk\u0131ran\u201d (Operet) \u201c\u015eark\u0131lar Susarsa\u201d (M\u00fczikal) sahne performanslar\u0131; \u201cSonradan G\u00f6rmeler\u201d, \u201cSon S\u00f6z Sevginin\u201d, \u201cLaserium\u201d, \u201cH\u0131rs\u0131z\u201d dizileri ve \u201cSharpe Mision\u201d (BBC) sinema filmi deneyimleri olmu\u015ftur.<\/p>\n<p><strong>\u00d6\u011fretmenler:\u00a0<\/strong>Berrin Debayar, Elif \u00d6zlem G\u00fcner, G\u00f6zde B\u0131y\u0131kl\u0131o\u011flu<\/p>\n<p>\n<\/div><div class=\"btClear btSeparator topSemiSpaced noBorder\" ><hr><\/div><\/div><\/div><div class=\"rowItem col-md-3 col-sm-6 col-ms-12 btTextLeft animate animate-fadein btTopVertical\"  data-width=\"3\"><div class=\"rowItemContent\" ><div class=\"btClear btSeparator topSemiSpaced noBorder\" ><hr><\/div><header class=\"header btClear medium  btHeaderAccent2\" ><div class=\"dash\"><h3><span class=\"headline\">Y\u00d6NET\u0130C\u0130 KADROSU<\/span><\/h3><\/div><\/header><div class=\"btCustomMenu \" ><div class=\"menu-yonetici-kadrosu-container\"><ul id=\"menu-yonetici-kadrosu\" class=\"menu\"><li id=\"menu-item-3922\" class=\"menu-item menu-item-type-post_type menu-item-object-page menu-item-3922\"><a href=\"https:\/\/musicart.acischools.k12.tr\/?page_id=3894\">M\u00fcd\u00fcr<\/a><\/li><li id=\"menu-item-3940\" class=\"menu-item menu-item-type-post_type menu-item-object-page menu-item-3940\"><a href=\"https:\/\/musicart.acischools.k12.tr\/?page_id=3933\">Koordinat\u00f6r<\/a><\/li>\n<\/ul><\/div><\/div><div class=\"btClear btSeparator topSemiSpaced noBorder\" ><hr><\/div><header class=\"header btClear medium  btHeaderAccent2\" ><div class=\"dash\"><h3><span class=\"headline\">E\u011e\u0130T\u0130M KADROSU<\/span><\/h3><\/div><\/header><div class=\"btCustomMenu \" ><div class=\"menu-egitim-kadrosu-container\"><ul id=\"menu-egitim-kadrosu\" class=\"menu\"><li id=\"menu-item-3945\" class=\"menu-item menu-item-type-post_type menu-item-object-page menu-item-3945\"><a href=\"https:\/\/musicart.acischools.k12.tr\/?page_id=3943\">Piyano<\/a><\/li><li id=\"menu-item-4285\" class=\"menu-item menu-item-type-post_type menu-item-object-page menu-item-4285\"><a href=\"https:\/\/musicart.acischools.k12.tr\/?page_id=4268\">Gitar<\/a><\/li><li id=\"menu-item-4513\" class=\"menu-item menu-item-type-post_type menu-item-object-page menu-item-4513\"><a href=\"https:\/\/musicart.acischools.k12.tr\/?page_id=4511\">G\u00f6rsel Sanatlar<\/a><\/li><li id=\"menu-item-4281\" class=\"menu-item menu-item-type-post_type menu-item-object-page menu-item-4281\"><a href=\"https:\/\/musicart.acischools.k12.tr\/?page_id=4276\">Sahne Sanatlar\u0131<\/a><\/li><li id=\"menu-item-4282\" class=\"menu-item menu-item-type-post_type menu-item-object-page menu-item-4282\"><a href=\"https:\/\/musicart.acischools.k12.tr\/?page_id=4274\">Ses E\u011fitimi<\/a><\/li><li id=\"menu-item-4284\" class=\"menu-item menu-item-type-post_type menu-item-object-page menu-item-4284\"><a href=\"https:\/\/musicart.acischools.k12.tr\/?page_id=4270\">Vurmal\u0131lar<\/a><\/li><li id=\"menu-item-4286\" class=\"menu-item menu-item-type-post_type menu-item-object-page menu-item-4286\"><a href=\"https:\/\/musicart.acischools.k12.tr\/?page_id=4265\">Yayl\u0131lar<\/a><\/li><li id=\"menu-item-6119\" class=\"menu-item menu-item-type-post_type menu-item-object-page menu-item-6119\"><a href=\"https:\/\/musicart.acischools.k12.tr\/?page_id=6031\">Okul \u00d6ncesi<\/a><\/li><li id=\"menu-item-6909\" class=\"menu-item menu-item-type-post_type menu-item-object-page menu-item-6909\"><a href=\"https:\/\/musicart.acischools.k12.tr\/?page_id=6907\">Geli\u015fim Programlar\u0131<\/a><\/li>\n<\/ul><\/div><\/div><div class=\"btClear btSeparator topSemiSpaced noBorder\" ><hr><\/div><\/div><\/div><\/div><\/div><div class=\"boldRow \" ><div class=\"boldRowInner\"><\/div><\/div><div class=\"boldRow \" ><div class=\"boldRowInner\"><\/div><\/div><\/div><\/div><\/div><\/section>\n","protected":false},"excerpt":{"rendered":"","protected":false},"author":1,"featured_media":2501,"parent":3926,"menu_order":0,"comment_status":"closed","ping_status":"closed","template":"","meta":{"footnotes":""},"class_list":["post-4276","page","type-page","status-publish","has-post-thumbnail","hentry"],"_links":{"self":[{"href":"https:\/\/musicart.acischools.k12.tr\/index.php?rest_route=\/wp\/v2\/pages\/4276","targetHints":{"allow":["GET"]}}],"collection":[{"href":"https:\/\/musicart.acischools.k12.tr\/index.php?rest_route=\/wp\/v2\/pages"}],"about":[{"href":"https:\/\/musicart.acischools.k12.tr\/index.php?rest_route=\/wp\/v2\/types\/page"}],"author":[{"embeddable":true,"href":"https:\/\/musicart.acischools.k12.tr\/index.php?rest_route=\/wp\/v2\/users\/1"}],"replies":[{"embeddable":true,"href":"https:\/\/musicart.acischools.k12.tr\/index.php?rest_route=%2Fwp%2Fv2%2Fcomments&post=4276"}],"version-history":[{"count":8,"href":"https:\/\/musicart.acischools.k12.tr\/index.php?rest_route=\/wp\/v2\/pages\/4276\/revisions"}],"predecessor-version":[{"id":6883,"href":"https:\/\/musicart.acischools.k12.tr\/index.php?rest_route=\/wp\/v2\/pages\/4276\/revisions\/6883"}],"up":[{"embeddable":true,"href":"https:\/\/musicart.acischools.k12.tr\/index.php?rest_route=\/wp\/v2\/pages\/3926"}],"wp:featuredmedia":[{"embeddable":true,"href":"https:\/\/musicart.acischools.k12.tr\/index.php?rest_route=\/"}],"wp:attachment":[{"href":"https:\/\/musicart.acischools.k12.tr\/index.php?rest_route=%2Fwp%2Fv2%2Fmedia&parent=4276"}],"curies":[{"name":"wp","href":"https:\/\/api.w.org\/{rel}","templated":true}]}}