{"id":4274,"date":"2018-10-24T11:51:41","date_gmt":"2018-10-24T08:51:41","guid":{"rendered":"http:\/\/musicart.acischools.k12.tr\/new\/?page_id=4274"},"modified":"2022-02-18T14:57:12","modified_gmt":"2022-02-18T11:57:12","slug":"ses-egitimi","status":"publish","type":"page","link":"https:\/\/musicart.acischools.k12.tr\/?page_id=4274","title":{"rendered":"Ses E\u011fitimi"},"content":{"rendered":"<section id=\"bt_section69e0ff8a2485a\"  class=\"boldSection topSpaced bottomSpaced gutter inherit\" ><div class=\"port\"><div class=\"boldCell\"><div class=\"boldCellInner\"><div class=\"boldRow \" ><div class=\"boldRowInner\"><div class=\"rowItem btRightBorder col-md-9 col-ms-12  btTextLeft animate animate-fadein btTopVertical\"  data-width=\"9\"><div class=\"rowItemContent\" ><header class=\"header btClear large  btHeaderAccent2\" ><div class=\"dash\"><h2><span class=\"headline\">SES E\u011e\u0130T\u0130M\u0130<\/span><\/h2><\/div><\/header><header class=\"header btClear small  btHeaderAccent3\" ><div class=\"dash\"><h4><span class=\"headline\">B\u00f6l\u00fcm Sorumlusu: G\u00f6zde B\u0131y\u0131kl\u0131o\u011flu<\/span><\/h4><\/div><\/header><div class=\"btText\" ><\/p>\n<p>8 Mart 1981 y\u0131l\u0131nda \u0130stanbul\u2019da do\u011fdu. M\u00fczik hayat\u0131na ilkokul y\u0131llar\u0131nda Hasbiye Sakp\u0131nar\u2019dan ald\u0131\u011f\u0131 piyano dersleriyle ba\u015flad\u0131. Ortaokul ve lise y\u0131llar\u0131nda okul korosunda solist ve korist olarak g\u00f6rev ald\u0131 ve as\u0131l iste\u011finin \u015fark\u0131 s\u00f6ylemek oldu\u011funu ke\u015ffedince Hasbiye Sakp\u0131nar taraf\u0131ndan konservatuvara y\u00f6nlendirildi. 1999 y\u0131l\u0131nda \u00d6zel Ayaza\u011fa I\u015f\u0131k Lisesi\u2019nden mezun olup ayn\u0131 y\u0131l \u0130stanbul \u00dcniversitesi Devlet Konservatuvar\u0131 Sahne Sanatlar\u0131 Opera B\u00f6l\u00fcm\u00fc\u2019n\u00fc kazand\u0131.<\/p>\n<p>\u00c7i\u00e7ek Kurra Kanter ve M\u00fcfit Bayra\u015fa\u2019dan \u015fan, Atilla Manizade ve Murat G\u00f6ksu\u2019dan sahne e\u011fitimi ald\u0131. 2004 y\u0131l\u0131nda \u015fan b\u00f6l\u00fcm\u00fcnden mezun olup ayn\u0131 y\u0131l m\u00fczikal b\u00f6l\u00fcm\u00fcn\u00fc kazand\u0131 ve Murat G\u00f6ksu\u2019nun 2 y\u0131l asistanl\u0131\u011f\u0131n\u0131 yapt\u0131. Okul hayat\u0131 boyunca CRR\u2019de yap\u0131lan t\u00fcm temsillerde koristlik yapt\u0131, bir\u00e7ok konser ve resitalde g\u00f6rev ald\u0131. Anjelika Akbar, Enbe Orkestras\u0131, \u015eebnem Ferah, Demir Demirkan, K\u0131ra\u00e7, N\u00fckhet Duru, Erol Evgin, Candan Er\u00e7etin, Modern Folk \u00dc\u00e7l\u00fcs\u00fc ve Melike Demira\u011f, Ozan \u00c7olako\u011flu gibi isimlerin konserlerinde veya alb\u00fcm kay\u0131tlar\u0131nda bulundu. 2011 y\u0131l\u0131nda \u0130stanbul \u00dcniversitesi\u2019nde pedagojik formasyonunu tamamlad\u0131, 2012 y\u0131l\u0131ndan beri Akatlar A\u00e7\u0131 \u0130lkokulu\u2019nda m\u00fczik \u00f6\u011fretmenli\u011fi yapmaktad\u0131r.<\/p>\n<p>Sahne performanslar\u0131: \u2018\u2019Delidolu\u2019\u2019 (operet m\u00fczikal), \u2018\u2019Kuvayi Milliye\u2019\u2019 (opera), \u2018\u2019La Traviata\u2019\u2019 (opera), \u2018\u2019Carmen\u2019\u2019 (opera), \u2018\u2019Broadway Patchwork\u2019\u2019 (m\u00fczikal), \u2018\u2019Tutkunun Dans\u0131\u2019\u2019 (m\u00fczikal \u2013 yazan &amp; y\u00f6neten G\u00f6zde B\u0131y\u0131kl\u0131o\u011flu \u2013 Duru Tiyatro)<\/p>\n<p>\n<\/div><div class=\"btClear btSeparator topSemiSpaced noBorder\" ><hr><\/div><\/div><\/div><div class=\"rowItem col-md-3 col-sm-6 col-ms-12 btTextLeft animate animate-fadein btTopVertical\"  data-width=\"3\"><div class=\"rowItemContent\" ><div class=\"btClear btSeparator topSemiSpaced noBorder\" ><hr><\/div><header class=\"header btClear medium  btHeaderAccent2\" ><div class=\"dash\"><h3><span class=\"headline\">Y\u00d6NET\u0130C\u0130 KADROSU<\/span><\/h3><\/div><\/header><div class=\"btCustomMenu \" ><div class=\"menu-yonetici-kadrosu-container\"><ul id=\"menu-yonetici-kadrosu\" class=\"menu\"><li id=\"menu-item-3922\" class=\"menu-item menu-item-type-post_type menu-item-object-page menu-item-3922\"><a href=\"https:\/\/musicart.acischools.k12.tr\/?page_id=3894\">M\u00fcd\u00fcr<\/a><\/li><li id=\"menu-item-3940\" class=\"menu-item menu-item-type-post_type menu-item-object-page menu-item-3940\"><a href=\"https:\/\/musicart.acischools.k12.tr\/?page_id=3933\">Koordinat\u00f6r<\/a><\/li>\n<\/ul><\/div><\/div><div class=\"btClear btSeparator topSemiSpaced noBorder\" ><hr><\/div><header class=\"header btClear medium  btHeaderAccent2\" ><div class=\"dash\"><h3><span class=\"headline\">E\u011e\u0130T\u0130M KADROSU<\/span><\/h3><\/div><\/header><div class=\"btCustomMenu \" ><div class=\"menu-egitim-kadrosu-container\"><ul id=\"menu-egitim-kadrosu\" class=\"menu\"><li id=\"menu-item-3945\" class=\"menu-item menu-item-type-post_type menu-item-object-page menu-item-3945\"><a href=\"https:\/\/musicart.acischools.k12.tr\/?page_id=3943\">Piyano<\/a><\/li><li id=\"menu-item-4285\" class=\"menu-item menu-item-type-post_type menu-item-object-page menu-item-4285\"><a href=\"https:\/\/musicart.acischools.k12.tr\/?page_id=4268\">Gitar<\/a><\/li><li id=\"menu-item-4513\" class=\"menu-item menu-item-type-post_type menu-item-object-page menu-item-4513\"><a href=\"https:\/\/musicart.acischools.k12.tr\/?page_id=4511\">G\u00f6rsel Sanatlar<\/a><\/li><li id=\"menu-item-4281\" class=\"menu-item menu-item-type-post_type menu-item-object-page menu-item-4281\"><a href=\"https:\/\/musicart.acischools.k12.tr\/?page_id=4276\">Sahne Sanatlar\u0131<\/a><\/li><li id=\"menu-item-4282\" class=\"menu-item menu-item-type-post_type menu-item-object-page menu-item-4282\"><a href=\"https:\/\/musicart.acischools.k12.tr\/?page_id=4274\">Ses E\u011fitimi<\/a><\/li><li id=\"menu-item-4284\" class=\"menu-item menu-item-type-post_type menu-item-object-page menu-item-4284\"><a href=\"https:\/\/musicart.acischools.k12.tr\/?page_id=4270\">Vurmal\u0131lar<\/a><\/li><li id=\"menu-item-4286\" class=\"menu-item menu-item-type-post_type menu-item-object-page menu-item-4286\"><a href=\"https:\/\/musicart.acischools.k12.tr\/?page_id=4265\">Yayl\u0131lar<\/a><\/li><li id=\"menu-item-6119\" class=\"menu-item menu-item-type-post_type menu-item-object-page menu-item-6119\"><a href=\"https:\/\/musicart.acischools.k12.tr\/?page_id=6031\">Okul \u00d6ncesi<\/a><\/li><li id=\"menu-item-6909\" class=\"menu-item menu-item-type-post_type menu-item-object-page menu-item-6909\"><a href=\"https:\/\/musicart.acischools.k12.tr\/?page_id=6907\">Geli\u015fim Programlar\u0131<\/a><\/li>\n<\/ul><\/div><\/div><div class=\"btClear btSeparator topSemiSpaced noBorder\" ><hr><\/div><\/div><\/div><\/div><\/div><div class=\"boldRow \" ><div class=\"boldRowInner\"><\/div><\/div><div class=\"boldRow \" ><div class=\"boldRowInner\"><\/div><\/div><\/div><\/div><\/div><\/section>\n","protected":false},"excerpt":{"rendered":"","protected":false},"author":1,"featured_media":2501,"parent":3926,"menu_order":0,"comment_status":"closed","ping_status":"closed","template":"","meta":{"footnotes":""},"class_list":["post-4274","page","type-page","status-publish","has-post-thumbnail","hentry"],"_links":{"self":[{"href":"https:\/\/musicart.acischools.k12.tr\/index.php?rest_route=\/wp\/v2\/pages\/4274","targetHints":{"allow":["GET"]}}],"collection":[{"href":"https:\/\/musicart.acischools.k12.tr\/index.php?rest_route=\/wp\/v2\/pages"}],"about":[{"href":"https:\/\/musicart.acischools.k12.tr\/index.php?rest_route=\/wp\/v2\/types\/page"}],"author":[{"embeddable":true,"href":"https:\/\/musicart.acischools.k12.tr\/index.php?rest_route=\/wp\/v2\/users\/1"}],"replies":[{"embeddable":true,"href":"https:\/\/musicart.acischools.k12.tr\/index.php?rest_route=%2Fwp%2Fv2%2Fcomments&post=4274"}],"version-history":[{"count":4,"href":"https:\/\/musicart.acischools.k12.tr\/index.php?rest_route=\/wp\/v2\/pages\/4274\/revisions"}],"predecessor-version":[{"id":6002,"href":"https:\/\/musicart.acischools.k12.tr\/index.php?rest_route=\/wp\/v2\/pages\/4274\/revisions\/6002"}],"up":[{"embeddable":true,"href":"https:\/\/musicart.acischools.k12.tr\/index.php?rest_route=\/wp\/v2\/pages\/3926"}],"wp:featuredmedia":[{"embeddable":true,"href":"https:\/\/musicart.acischools.k12.tr\/index.php?rest_route=\/"}],"wp:attachment":[{"href":"https:\/\/musicart.acischools.k12.tr\/index.php?rest_route=%2Fwp%2Fv2%2Fmedia&parent=4274"}],"curies":[{"name":"wp","href":"https:\/\/api.w.org\/{rel}","templated":true}]}}