{"id":4270,"date":"2018-10-24T11:49:21","date_gmt":"2018-10-24T08:49:21","guid":{"rendered":"http:\/\/musicart.acischools.k12.tr\/new\/?page_id=4270"},"modified":"2024-10-22T10:50:22","modified_gmt":"2024-10-22T07:50:22","slug":"vurmalilar","status":"publish","type":"page","link":"https:\/\/musicart.acischools.k12.tr\/?page_id=4270","title":{"rendered":"Vurmal\u0131lar"},"content":{"rendered":"<section id=\"bt_section69e119868d951\"  class=\"boldSection topSpaced bottomSpaced gutter inherit\" ><div class=\"port\"><div class=\"boldCell\"><div class=\"boldCellInner\"><div class=\"boldRow \" ><div class=\"boldRowInner\"><div class=\"rowItem btRightBorder col-md-9 col-ms-12  btTextLeft animate animate-fadein btTopVertical\"  data-width=\"9\"><div class=\"rowItemContent\" ><header class=\"header btClear large  btHeaderAccent2\" ><div class=\"dash\"><h2><span class=\"headline\">VURMALILAR<\/span><\/h2><\/div><\/header><header class=\"header btClear small  btHeaderAccent3\" ><div class=\"dash\"><h4><span class=\"headline\">B\u00f6l\u00fcm Sorumlusu: G\u00f6khan \u00d6zcan<\/span><\/h4><\/div><\/header><div class=\"btText\" ><\/p>\n<p>15 ya\u015f\u0131nda kurdu\u011fu \u201cProtest\u201d adl\u0131 grubuyla Bursa\u2019da m\u00fczik \u00e7al\u0131\u015fmalar\u0131na ba\u015flad\u0131. 19 ya\u015f\u0131nda blues m\u00fczi\u011fine y\u00f6nelerek, kurucular\u0131ndan oldu\u011fu \u201cFree Mood Band\u201d ile blues \u00fczerine \u00e7al\u0131\u015fmalar yapt\u0131. 1996\u2019da bu grupla \u0130stanbul ve Ankara\u2019da \u00e7e\u015fitli kul\u00fcp ve festivallerde konserler verdi.<\/p>\n<p>1998 &#8211; 2002 y\u0131llar\u0131 aras\u0131nda \u0130stanbul Bilgi \u00dcniversitesi M\u00fczik b\u00f6l\u00fcm\u00fcnde e\u011fitimine devam etti. Burada Can Kozlu ve Cengiz Baysal ile davul \u00e7al\u0131\u015ft\u0131. \u00c7al\u0131\u015ft\u0131\u011f\u0131 de\u011ferli m\u00fczisyenler aras\u0131nda L. Butch Morris, Ali Perret, \u0130mer Demirer, Can Besbelli, Demirhan Baylan, Selen G\u00fcl\u00fcn, Ay\u015fe \u00d6zbekligil yer al\u0131r. M\u00fczik e\u011fitimi s\u00fcresince soul &amp; blues grubu \u201cSoul Stuff\u201d ile \u0130stanbul ve Ankara\u2019da konserler vermeye devam etti.<\/p>\n<p>Ayhan Sicimo\u011flu \u201cLatin All Stars\u201d, William Richart Cardoso \u201cEl Pluma Band\u201d, Demirhan Baylan, Melis S\u00f6kmen, Efkan \u015ee\u015fen, Nazan \u00d6ncel, Murat Taner, Luis Ernesto Gomez, G\u00fclseren Gomez gibi de\u011ferli m\u00fczisyenlerle birlikte \u00e7al\u0131\u015ft\u0131.<\/p>\n<p>Cenk Taner ile 2013 y\u0131l\u0131nda \u201cYoldan \u00c7\u0131km\u0131\u015f \u015eark\u0131lar\u201d alb\u00fcm kayd\u0131nda tan\u0131\u015ft\u0131. Alb\u00fcm kayd\u0131 ve yay\u0131n\u0131n\u0131n ard\u0131ndan birlikte sahne almaya devam etti. Halen \u201cKesme\u015feker\u201d de b\u00fcy\u00fck bir keyifle davul \u00e7almaktad\u0131r.<\/p>\n<p>\u201cKesme\u015feker\u201d ve kendi blues grubu \u201cOldscool Blues Band\u201d ile akustik ve elektrik \u00e7al\u0131\u015fmalar\u0131na devam etmekte olup, 2006 y\u0131l\u0131ndan beri A\u00e7\u0131 Okullar\u0131\u2019nda bateri ve ritim e\u011fitmenli\u011fi yapmaktad\u0131r.<\/p>\n<p><strong>\u00d6\u011fretmenler:<\/strong> Ekin Pesen, G\u00f6khan \u00d6zcan, \u00d6nc\u00fc Caner Koyuncu<\/p>\n<p>\n<\/div><div class=\"btClear btSeparator topSemiSpaced noBorder\" ><hr><\/div><\/div><\/div><div class=\"rowItem col-md-3 col-sm-6 col-ms-12 btTextLeft animate animate-fadein btTopVertical\"  data-width=\"3\"><div class=\"rowItemContent\" ><div class=\"btClear btSeparator topSemiSpaced noBorder\" ><hr><\/div><header class=\"header btClear medium  btHeaderAccent2\" ><div class=\"dash\"><h3><span class=\"headline\">Y\u00d6NET\u0130C\u0130 KADROSU<\/span><\/h3><\/div><\/header><div class=\"btCustomMenu \" ><div class=\"menu-yonetici-kadrosu-container\"><ul id=\"menu-yonetici-kadrosu\" class=\"menu\"><li id=\"menu-item-3922\" class=\"menu-item menu-item-type-post_type menu-item-object-page menu-item-3922\"><a href=\"https:\/\/musicart.acischools.k12.tr\/?page_id=3894\">M\u00fcd\u00fcr<\/a><\/li><li id=\"menu-item-3940\" class=\"menu-item menu-item-type-post_type menu-item-object-page menu-item-3940\"><a href=\"https:\/\/musicart.acischools.k12.tr\/?page_id=3933\">Koordinat\u00f6r<\/a><\/li>\n<\/ul><\/div><\/div><div class=\"btClear btSeparator topSemiSpaced noBorder\" ><hr><\/div><header class=\"header btClear medium  btHeaderAccent2\" ><div class=\"dash\"><h3><span class=\"headline\">E\u011e\u0130T\u0130M KADROSU<\/span><\/h3><\/div><\/header><div class=\"btCustomMenu \" ><div class=\"menu-egitim-kadrosu-container\"><ul id=\"menu-egitim-kadrosu\" class=\"menu\"><li id=\"menu-item-3945\" class=\"menu-item menu-item-type-post_type menu-item-object-page menu-item-3945\"><a href=\"https:\/\/musicart.acischools.k12.tr\/?page_id=3943\">Piyano<\/a><\/li><li id=\"menu-item-4285\" class=\"menu-item menu-item-type-post_type menu-item-object-page menu-item-4285\"><a href=\"https:\/\/musicart.acischools.k12.tr\/?page_id=4268\">Gitar<\/a><\/li><li id=\"menu-item-4513\" class=\"menu-item menu-item-type-post_type menu-item-object-page menu-item-4513\"><a href=\"https:\/\/musicart.acischools.k12.tr\/?page_id=4511\">G\u00f6rsel Sanatlar<\/a><\/li><li id=\"menu-item-4281\" class=\"menu-item menu-item-type-post_type menu-item-object-page menu-item-4281\"><a href=\"https:\/\/musicart.acischools.k12.tr\/?page_id=4276\">Sahne Sanatlar\u0131<\/a><\/li><li id=\"menu-item-4282\" class=\"menu-item menu-item-type-post_type menu-item-object-page menu-item-4282\"><a href=\"https:\/\/musicart.acischools.k12.tr\/?page_id=4274\">Ses E\u011fitimi<\/a><\/li><li id=\"menu-item-4284\" class=\"menu-item menu-item-type-post_type menu-item-object-page menu-item-4284\"><a href=\"https:\/\/musicart.acischools.k12.tr\/?page_id=4270\">Vurmal\u0131lar<\/a><\/li><li id=\"menu-item-4286\" class=\"menu-item menu-item-type-post_type menu-item-object-page menu-item-4286\"><a href=\"https:\/\/musicart.acischools.k12.tr\/?page_id=4265\">Yayl\u0131lar<\/a><\/li><li id=\"menu-item-6119\" class=\"menu-item menu-item-type-post_type menu-item-object-page menu-item-6119\"><a href=\"https:\/\/musicart.acischools.k12.tr\/?page_id=6031\">Okul \u00d6ncesi<\/a><\/li><li id=\"menu-item-6909\" class=\"menu-item menu-item-type-post_type menu-item-object-page menu-item-6909\"><a href=\"https:\/\/musicart.acischools.k12.tr\/?page_id=6907\">Geli\u015fim Programlar\u0131<\/a><\/li>\n<\/ul><\/div><\/div><div class=\"btClear btSeparator topSemiSpaced noBorder\" ><hr><\/div><\/div><\/div><\/div><\/div><div class=\"boldRow \" ><div class=\"boldRowInner\"><\/div><\/div><div class=\"boldRow \" ><div class=\"boldRowInner\"><\/div><\/div><\/div><\/div><\/div><\/section>\n","protected":false},"excerpt":{"rendered":"","protected":false},"author":1,"featured_media":2501,"parent":3926,"menu_order":0,"comment_status":"closed","ping_status":"closed","template":"","meta":{"footnotes":""},"class_list":["post-4270","page","type-page","status-publish","has-post-thumbnail","hentry"],"_links":{"self":[{"href":"https:\/\/musicart.acischools.k12.tr\/index.php?rest_route=\/wp\/v2\/pages\/4270","targetHints":{"allow":["GET"]}}],"collection":[{"href":"https:\/\/musicart.acischools.k12.tr\/index.php?rest_route=\/wp\/v2\/pages"}],"about":[{"href":"https:\/\/musicart.acischools.k12.tr\/index.php?rest_route=\/wp\/v2\/types\/page"}],"author":[{"embeddable":true,"href":"https:\/\/musicart.acischools.k12.tr\/index.php?rest_route=\/wp\/v2\/users\/1"}],"replies":[{"embeddable":true,"href":"https:\/\/musicart.acischools.k12.tr\/index.php?rest_route=%2Fwp%2Fv2%2Fcomments&post=4270"}],"version-history":[{"count":9,"href":"https:\/\/musicart.acischools.k12.tr\/index.php?rest_route=\/wp\/v2\/pages\/4270\/revisions"}],"predecessor-version":[{"id":6890,"href":"https:\/\/musicart.acischools.k12.tr\/index.php?rest_route=\/wp\/v2\/pages\/4270\/revisions\/6890"}],"up":[{"embeddable":true,"href":"https:\/\/musicart.acischools.k12.tr\/index.php?rest_route=\/wp\/v2\/pages\/3926"}],"wp:featuredmedia":[{"embeddable":true,"href":"https:\/\/musicart.acischools.k12.tr\/index.php?rest_route=\/"}],"wp:attachment":[{"href":"https:\/\/musicart.acischools.k12.tr\/index.php?rest_route=%2Fwp%2Fv2%2Fmedia&parent=4270"}],"curies":[{"name":"wp","href":"https:\/\/api.w.org\/{rel}","templated":true}]}}