{"id":4265,"date":"2018-10-24T11:39:16","date_gmt":"2018-10-24T08:39:16","guid":{"rendered":"http:\/\/musicart.acischools.k12.tr\/new\/?page_id=4265"},"modified":"2024-10-22T10:27:49","modified_gmt":"2024-10-22T07:27:49","slug":"yaylilar","status":"publish","type":"page","link":"https:\/\/musicart.acischools.k12.tr\/?page_id=4265","title":{"rendered":"Yayl\u0131lar"},"content":{"rendered":"<section id=\"bt_section69e0fde3186a7\"  class=\"boldSection topSpaced bottomSpaced gutter inherit\" ><div class=\"port\"><div class=\"boldCell\"><div class=\"boldCellInner\"><div class=\"boldRow \" ><div class=\"boldRowInner\"><div class=\"rowItem btRightBorder col-md-9 col-ms-12  btTextLeft animate animate-fadein btTopVertical\"  data-width=\"9\"><div class=\"rowItemContent\" ><header class=\"header btClear large  btHeaderAccent2\" ><div class=\"dash\"><h2><span class=\"headline\">YAYLILAR<\/span><\/h2><\/div><\/header><header class=\"header btClear small  btHeaderAccent3\" ><div class=\"dash\"><h4><span class=\"headline\">B\u00f6l\u00fcm Sorumlusu: Esin \u0130nan<\/span><\/h4><\/div><\/header><div class=\"btText\" ><\/p>\n<p>1984\u2019de \u0130zmir\u2019de do\u011fdu. M\u00fczik e\u011fitimine 1992\u2019de girmeye hak kazand\u0131\u011f\u0131 TRT \u00c7ocuk Korosu\u2019yla ba\u015flad\u0131. Bu y\u0131llar i\u00e7erisinde Hikmet \u015eim\u015fek\u2019le \u00e7al\u0131\u015fma f\u0131rsat\u0131 buldu, bir\u00e7ok konser ve etkinlikte yer ald\u0131. 1998\u2019de \u0130zmir G\u00fczel Sanatlar Lisesi\u2019ni kazanan Esin \u0130nan, burada Galip \u00c7evik ile keman, \u0130lknur \u00dcnal ile piyano e\u011fitimi almaya ba\u015flad\u0131. Lise y\u0131llar\u0131 boyunca pek \u00e7ok konserde hem orkestra \u00fcyesi olarak hem de solist olarak g\u00f6rev ald\u0131.<\/p>\n<p>\u00dcniversite e\u011fitimini Dokuz Eyl\u00fcl \u00dcniversitesi M\u00fczik \u00d6\u011fretmenli\u011fi b\u00f6l\u00fcm\u00fcnde tamamlad\u0131. Bu y\u0131llarda \u0130zmir Opera ve Bale keman sanat\u00e7\u0131s\u0131 Hakan \u00d6zaytekin ile keman e\u011fitimine devam etti. 2007 y\u0131l\u0131nda Dat\u00e7a M\u00fczik Akademi Masterclass program\u0131nda Ian Jesse ile \u00e7al\u0131\u015ft\u0131. Daha sonra Marmara \u00dcniversitesi M\u00fczik \u00d6\u011fretmenli\u011fi B\u00f6l\u00fcm\u00fc\u2019nde y\u00fcksek lisans e\u011fitimi ald\u0131, 2010 y\u0131l\u0131nda bitirme tezini tamamlad\u0131. Bu s\u00fcre zarf\u0131nda bir\u00e7ok \u00f6zel okul ve sanat merkezinde keman ve piyano e\u011fitmenli\u011fi yapt\u0131. 2010\u2019da \u0130stanbul Film M\u00fczikleri Orkestras\u0131\u2019nda keman sanat\u00e7\u0131l\u0131\u011f\u0131 yapmaya ba\u015flad\u0131.<\/p>\n<p>A\u00e7\u0131 M\u00fczik ve Sanat Okulu\u2019ndaki keman \u00f6\u011fretmenli\u011fi \u00e7al\u0131\u015fmalar\u0131na b\u00f6l\u00fcm sorumlusu olarak devam etmektedir.<\/p>\n<p><strong>\u00d6\u011fretmenler: <\/strong>Elif \u00d6zlem G\u00fcner, Esin \u0130nan Kuzucuk, Serkan G\u00fcner<\/p>\n<p>\n<\/div><div class=\"btClear btSeparator topSemiSpaced noBorder\" ><hr><\/div><\/div><\/div><div class=\"rowItem col-md-3 col-sm-6 col-ms-12 btTextLeft animate animate-fadein btTopVertical\"  data-width=\"3\"><div class=\"rowItemContent\" ><div class=\"btClear btSeparator topSemiSpaced noBorder\" ><hr><\/div><header class=\"header btClear medium  btHeaderAccent2\" ><div class=\"dash\"><h3><span class=\"headline\">Y\u00d6NET\u0130C\u0130 KADROSU<\/span><\/h3><\/div><\/header><div class=\"btCustomMenu \" ><div class=\"menu-yonetici-kadrosu-container\"><ul id=\"menu-yonetici-kadrosu\" class=\"menu\"><li id=\"menu-item-3922\" class=\"menu-item menu-item-type-post_type menu-item-object-page menu-item-3922\"><a href=\"https:\/\/musicart.acischools.k12.tr\/?page_id=3894\">M\u00fcd\u00fcr<\/a><\/li><li id=\"menu-item-3940\" class=\"menu-item menu-item-type-post_type menu-item-object-page menu-item-3940\"><a href=\"https:\/\/musicart.acischools.k12.tr\/?page_id=3933\">Koordinat\u00f6r<\/a><\/li>\n<\/ul><\/div><\/div><div class=\"btClear btSeparator topSemiSpaced noBorder\" ><hr><\/div><header class=\"header btClear medium  btHeaderAccent2\" ><div class=\"dash\"><h3><span class=\"headline\">E\u011e\u0130T\u0130M KADROSU<\/span><\/h3><\/div><\/header><div class=\"btCustomMenu \" ><div class=\"menu-egitim-kadrosu-container\"><ul id=\"menu-egitim-kadrosu\" class=\"menu\"><li id=\"menu-item-3945\" class=\"menu-item menu-item-type-post_type menu-item-object-page menu-item-3945\"><a href=\"https:\/\/musicart.acischools.k12.tr\/?page_id=3943\">Piyano<\/a><\/li><li id=\"menu-item-4285\" class=\"menu-item menu-item-type-post_type menu-item-object-page menu-item-4285\"><a href=\"https:\/\/musicart.acischools.k12.tr\/?page_id=4268\">Gitar<\/a><\/li><li id=\"menu-item-4513\" class=\"menu-item menu-item-type-post_type menu-item-object-page menu-item-4513\"><a href=\"https:\/\/musicart.acischools.k12.tr\/?page_id=4511\">G\u00f6rsel Sanatlar<\/a><\/li><li id=\"menu-item-4281\" class=\"menu-item menu-item-type-post_type menu-item-object-page menu-item-4281\"><a href=\"https:\/\/musicart.acischools.k12.tr\/?page_id=4276\">Sahne Sanatlar\u0131<\/a><\/li><li id=\"menu-item-4282\" class=\"menu-item menu-item-type-post_type menu-item-object-page menu-item-4282\"><a href=\"https:\/\/musicart.acischools.k12.tr\/?page_id=4274\">Ses E\u011fitimi<\/a><\/li><li id=\"menu-item-4284\" class=\"menu-item menu-item-type-post_type menu-item-object-page menu-item-4284\"><a href=\"https:\/\/musicart.acischools.k12.tr\/?page_id=4270\">Vurmal\u0131lar<\/a><\/li><li id=\"menu-item-4286\" class=\"menu-item menu-item-type-post_type menu-item-object-page menu-item-4286\"><a href=\"https:\/\/musicart.acischools.k12.tr\/?page_id=4265\">Yayl\u0131lar<\/a><\/li><li id=\"menu-item-6119\" class=\"menu-item menu-item-type-post_type menu-item-object-page menu-item-6119\"><a href=\"https:\/\/musicart.acischools.k12.tr\/?page_id=6031\">Okul \u00d6ncesi<\/a><\/li><li id=\"menu-item-6909\" class=\"menu-item menu-item-type-post_type menu-item-object-page menu-item-6909\"><a href=\"https:\/\/musicart.acischools.k12.tr\/?page_id=6907\">Geli\u015fim Programlar\u0131<\/a><\/li>\n<\/ul><\/div><\/div><div class=\"btClear btSeparator topExtraSpaced noBorder\" ><hr><\/div><\/div><\/div><\/div><\/div><div class=\"boldRow \" ><div class=\"boldRowInner\"><\/div><\/div><div class=\"boldRow \" ><div class=\"boldRowInner\"><\/div><\/div><\/div><\/div><\/div><\/section>\n","protected":false},"excerpt":{"rendered":"","protected":false},"author":1,"featured_media":2501,"parent":3926,"menu_order":0,"comment_status":"closed","ping_status":"closed","template":"","meta":{"footnotes":""},"class_list":["post-4265","page","type-page","status-publish","has-post-thumbnail","hentry"],"_links":{"self":[{"href":"https:\/\/musicart.acischools.k12.tr\/index.php?rest_route=\/wp\/v2\/pages\/4265","targetHints":{"allow":["GET"]}}],"collection":[{"href":"https:\/\/musicart.acischools.k12.tr\/index.php?rest_route=\/wp\/v2\/pages"}],"about":[{"href":"https:\/\/musicart.acischools.k12.tr\/index.php?rest_route=\/wp\/v2\/types\/page"}],"author":[{"embeddable":true,"href":"https:\/\/musicart.acischools.k12.tr\/index.php?rest_route=\/wp\/v2\/users\/1"}],"replies":[{"embeddable":true,"href":"https:\/\/musicart.acischools.k12.tr\/index.php?rest_route=%2Fwp%2Fv2%2Fcomments&post=4265"}],"version-history":[{"count":14,"href":"https:\/\/musicart.acischools.k12.tr\/index.php?rest_route=\/wp\/v2\/pages\/4265\/revisions"}],"predecessor-version":[{"id":6887,"href":"https:\/\/musicart.acischools.k12.tr\/index.php?rest_route=\/wp\/v2\/pages\/4265\/revisions\/6887"}],"up":[{"embeddable":true,"href":"https:\/\/musicart.acischools.k12.tr\/index.php?rest_route=\/wp\/v2\/pages\/3926"}],"wp:featuredmedia":[{"embeddable":true,"href":"https:\/\/musicart.acischools.k12.tr\/index.php?rest_route=\/"}],"wp:attachment":[{"href":"https:\/\/musicart.acischools.k12.tr\/index.php?rest_route=%2Fwp%2Fv2%2Fmedia&parent=4265"}],"curies":[{"name":"wp","href":"https:\/\/api.w.org\/{rel}","templated":true}]}}