{"id":4072,"date":"2018-08-15T19:38:41","date_gmt":"2018-08-15T16:38:41","guid":{"rendered":"http:\/\/musicart.acischools.k12.tr\/new\/?page_id=4072"},"modified":"2018-11-24T11:10:32","modified_gmt":"2018-11-24T09:10:32","slug":"stop-motion-animasyon","status":"publish","type":"page","link":"https:\/\/musicart.acischools.k12.tr\/?page_id=4072","title":{"rendered":"Stop Motion Animasyon"},"content":{"rendered":"<section id=\"bt_section69f9dccc40f99\"  class=\"boldSection topSpaced bottomSpaced gutter inherit\" ><div class=\"port\"><div class=\"boldCell\"><div class=\"boldCellInner\"><div class=\"boldRow \" ><div class=\"boldRowInner\"><div class=\"rowItem btRightBorder col-md-9 col-ms-12  btTextLeft animate animate-fadein btTopVertical\"  data-width=\"9\"><div class=\"rowItemContent\" ><header class=\"header btClear large  btHeaderAccent3\" ><div class=\"dash\"><h2><span class=\"headline\">STOP MOTION AN\u0130MASYON<\/span><\/h2><\/div><\/header><div class=\"bpgPhoto \" ><div class = \"btImage\"><img decoding=\"async\" src=\"https:\/\/musicart.acischools.k12.tr\/wp-content\/uploads\/2018\/10\/r_stop-motion.jpg\" alt=\"\" title=\"\"><\/div><\/div><div class=\"btClear btSeparator topSemiSpaced noBorder\" ><hr><\/div><div class=\"btText\" ><\/p>\n<p>Stop-Motion Animasyon; oyun hamurlar\u0131, cutout imajlar, oyuncaklar veya \u00e7e\u015fitli objeleri hareket ettirerek bir film yaratmakt\u0131r. Bu teknik \u00f6\u011frencilerin film yap\u0131m\u0131 d\u00fcnyas\u0131n\u0131 ke\u015ffedebilecekleri harika bir yoldur. Objeler hareket ettirilerek hareket ill\u00fczyonu yarat\u0131l\u0131r.<\/p>\n<p>Stop-Motion Animasyon \u00e7al\u0131\u015fmas\u0131 kapsam\u0131nda; \u00f6\u011frenciler, film i\u00e7in ortak bir hikaye yazarlar, bu hikayeye g\u00f6re bir dekor haz\u0131rlan\u0131r, oyun hamuru ve ba\u015fka objeler kullanarak \u00e7ekim yap\u0131l\u0131r. \u00c7ekim bittikten sonra ihtiya\u00e7 do\u011frultusunda seslendirme \u00e7al\u0131\u015fmalar\u0131n\u0131n ard\u0131ndan m\u00fczik se\u00e7ilir ve kurgu s\u00fcreciyle proje tamamlan\u0131r. Bu \u015fekilde d\u00f6nemin sonunda bir k\u0131sa film \u00fcretilmi\u015f olur.<\/p>\n<p>Stop Motion Animasyon dersi, haftada 1 saatlik \u00e7al\u0131\u015fmay\u0131 i\u00e7erir.<\/p>\n<p>\n<\/div><div class=\"btClear btSeparator topSemiSpaced noBorder\" ><hr><\/div><\/div><\/div><div class=\"rowItem col-md-3 col-sm-6 col-ms-12 btTextLeft animate animate-fadein btTopVertical\"  data-width=\"3\"><div class=\"rowItemContent\" ><div class=\"btClear btSeparator topSemiSpaced noBorder\" ><hr><\/div><div class=\"btCustomMenu lcm-menu\" ><div class=\"menu-gorsel-sanatlar-container\"><ul id=\"menu-gorsel-sanatlar\" class=\"menu\"><li id=\"menu-item-6230\" class=\"menu-item menu-item-type-post_type menu-item-object-page menu-item-6230\"><a href=\"https:\/\/musicart.acischools.k12.tr\/?page_id=6228\">Amigurumi<\/a><\/li><li id=\"menu-item-4083\" class=\"menu-item menu-item-type-post_type menu-item-object-page menu-item-4083\"><a href=\"https:\/\/musicart.acischools.k12.tr\/?page_id=4069\">Art\u2019s Cool<\/a><\/li><li id=\"menu-item-4085\" class=\"menu-item menu-item-type-post_type menu-item-object-page menu-item-4085\"><a href=\"https:\/\/musicart.acischools.k12.tr\/?page_id=4074\">\u00c7izgi Roman<\/a><\/li><li id=\"menu-item-4088\" class=\"menu-item menu-item-type-post_type menu-item-object-page menu-item-4088\"><a href=\"https:\/\/musicart.acischools.k12.tr\/?page_id=4080\">Foto\u011fraf<\/a><\/li><li id=\"menu-item-4463\" class=\"menu-item menu-item-type-post_type menu-item-object-page menu-item-4463\"><a href=\"https:\/\/musicart.acischools.k12.tr\/?page_id=4461\">Seramik<\/a><\/li><li id=\"menu-item-4084\" class=\"menu-item menu-item-type-post_type menu-item-object-page menu-item-4084\"><a href=\"https:\/\/musicart.acischools.k12.tr\/?page_id=4072\">Stop Motion Animasyon<\/a><\/li><li id=\"menu-item-4464\" class=\"menu-item menu-item-type-post_type menu-item-object-page menu-item-4464\"><a href=\"https:\/\/musicart.acischools.k12.tr\/?page_id=4459\">\u00dcnl\u00fc Ressamlar\u0131n Tablolar\u0131<\/a><\/li>\n<\/ul><\/div><\/div><div class=\"btClear btSeparator topSemiSpaced noBorder\" ><hr><\/div><\/div><\/div><\/div><\/div><\/div><\/div><\/div><\/section>\n","protected":false},"excerpt":{"rendered":"","protected":false},"author":1,"featured_media":4329,"parent":4064,"menu_order":0,"comment_status":"closed","ping_status":"closed","template":"","meta":{"footnotes":""},"class_list":["post-4072","page","type-page","status-publish","has-post-thumbnail","hentry"],"_links":{"self":[{"href":"https:\/\/musicart.acischools.k12.tr\/index.php?rest_route=\/wp\/v2\/pages\/4072","targetHints":{"allow":["GET"]}}],"collection":[{"href":"https:\/\/musicart.acischools.k12.tr\/index.php?rest_route=\/wp\/v2\/pages"}],"about":[{"href":"https:\/\/musicart.acischools.k12.tr\/index.php?rest_route=\/wp\/v2\/types\/page"}],"author":[{"embeddable":true,"href":"https:\/\/musicart.acischools.k12.tr\/index.php?rest_route=\/wp\/v2\/users\/1"}],"replies":[{"embeddable":true,"href":"https:\/\/musicart.acischools.k12.tr\/index.php?rest_route=%2Fwp%2Fv2%2Fcomments&post=4072"}],"version-history":[{"count":5,"href":"https:\/\/musicart.acischools.k12.tr\/index.php?rest_route=\/wp\/v2\/pages\/4072\/revisions"}],"predecessor-version":[{"id":4841,"href":"https:\/\/musicart.acischools.k12.tr\/index.php?rest_route=\/wp\/v2\/pages\/4072\/revisions\/4841"}],"up":[{"embeddable":true,"href":"https:\/\/musicart.acischools.k12.tr\/index.php?rest_route=\/wp\/v2\/pages\/4064"}],"wp:featuredmedia":[{"embeddable":true,"href":"https:\/\/musicart.acischools.k12.tr\/index.php?rest_route=\/wp\/v2\/media\/4329"}],"wp:attachment":[{"href":"https:\/\/musicart.acischools.k12.tr\/index.php?rest_route=%2Fwp%2Fv2%2Fmedia&parent=4072"}],"curies":[{"name":"wp","href":"https:\/\/api.w.org\/{rel}","templated":true}]}}