{"id":4064,"date":"2018-08-15T19:34:21","date_gmt":"2018-08-15T16:34:21","guid":{"rendered":"http:\/\/musicart.acischools.k12.tr\/new\/?page_id=4064"},"modified":"2024-10-22T10:00:33","modified_gmt":"2024-10-22T07:00:33","slug":"gorsel-sanatlar","status":"publish","type":"page","link":"https:\/\/musicart.acischools.k12.tr\/?page_id=4064","title":{"rendered":"G\u00f6rsel Sanatlar"},"content":{"rendered":"<section id=\"bt_section69d0b81a522cc\"  class=\"boldSection topSpaced bottomSpaced gutter inherit\" ><div class=\"port\"><div class=\"boldCell\"><div class=\"boldCellInner\"><div class=\"boldRow \" ><div class=\"boldRowInner\"><div class=\"rowItem btRightBorder col-md-9 col-ms-12  btTextLeft animate animate-fadein btTopVertical\"  data-width=\"9\"><div class=\"rowItemContent\" ><header class=\"header btClear large  btHeaderAccent3\" ><div class=\"dash\"><h2><span class=\"headline\">G\u00d6RSEL SANATLAR<\/span><\/h2><\/div><\/header><div class=\"bpgPhoto \" ><div class = \"btImage\"><img decoding=\"async\" src=\"https:\/\/musicart.acischools.k12.tr\/wp-content\/uploads\/2018\/10\/r_gorsel-sanatlar.jpg\" alt=\"\" title=\"\"><\/div><\/div><div class=\"btClear btSeparator topSemiSpaced noBorder\" ><hr><\/div><div class=\"btText\" ><\/p>\n<p>Okulumuz G\u00f6rsel Sanatlar Program\u0131 ile hayat\u0131n t\u00fcm renklerinin i\u00e7inde bireyin yarat\u0131c\u0131 becerilerini ke\u015ffetme olana\u011f\u0131 sunmay\u0131 hedeflemektedir. Bu ke\u015fif s\u00fcreci yarat\u0131c\u0131l\u0131\u011f\u0131n yan\u0131 s\u0131ra, merak\u0131, ele\u015ftirel bak\u0131\u015f\u0131, k\u00fclt\u00fcrel donan\u0131m\u0131, \u00f6zg\u00fcveni, sosyal payla\u015f\u0131m\u0131, bireysel geli\u015fimi, geni\u015f bir perspektife sahip olmay\u0131 ve d\u00fcnyay\u0131 b\u00f6yle bir perspektiften alg\u0131lama ve yorumlama arzusunu i\u00e7inde bar\u0131nd\u0131rmaktad\u0131r.<\/p>\n<p>Sanat\u0131 ya\u015famdan soyutlaman\u0131n m\u00fcmk\u00fcn olmad\u0131\u011f\u0131 fikrinden yola \u00e7\u0131karak, yetkin ve geli\u015fkin bir birey olman\u0131n temelinde erken ya\u015flarda ba\u015flanan nitelikli bir sanat e\u011fitiminin \u00f6nemli bir yeri oldu\u011funa inan\u0131yoruz. G\u00f6rsel Sanatlar kapsam\u0131ndaki programlar\u0131m\u0131zla; kimi zaman kapal\u0131 alanlar\u0131n d\u0131\u015f\u0131na ta\u015f\u0131p yan\u0131 ba\u015f\u0131m\u0131zdaki do\u011fa ve \u015fehrimizin sundu\u011fu olanca g\u00f6rsel ve i\u015fitsel zenginli\u011fin i\u00e7ine kar\u0131\u015farak, farkl\u0131 malzemeler ve y\u00f6ntemlerle iki ve \u00fc\u00e7 boyutlu i\u015flerin \u00fcretilmesi, klasik ve modern sanat \u00e7al\u0131\u015fmalar\u0131n\u0131n ke\u015ffi, \u00e7e\u015fitli sergiler ve sanat\u00e7\u0131 bulu\u015fmalar\u0131yla kat\u0131l\u0131mc\u0131lara \u00e7ok y\u00f6nl\u00fc sanatsal bir ortam kazand\u0131rmay\u0131 hedeflemekteyiz.<br \/>\nFarkl\u0131 ya\u015f gruplar\u0131na g\u00f6re tasarlanm\u0131\u015f programlarla, kat\u0131l\u0131mc\u0131lar\u0131n birbirleriyle etkile\u015fimini sa\u011flayarak \u00fcretilen i\u015fler \u0131\u015f\u0131\u011f\u0131nda bireylerin gerek kendilerini soyut ve somut olarak ifade edebilme, gerekse soru sorma, ele\u015ftirme, yorumlama ve kendi arg\u00fcmanlar\u0131n\u0131 ortaya koyabilme yetilerinin geli\u015ftirilmesi ama\u00e7lanmaktad\u0131r.<br \/>\nProgramlar kapsam\u0131nda her ya\u015f grubuna ve amaca \u00f6zel \u00e7e\u015fitli \u00e7al\u0131\u015fmalarla ister ki\u015fisel geli\u015fim ad\u0131na, ister akademik ve mesleki anlamda e\u011fitim almak m\u00fcmk\u00fcnd\u00fcr.<\/p>\n<p>\n<\/div><div class=\"btClear btSeparator topSemiSpaced noBorder\" ><hr><\/div><div class=\"btText\" ><\/p>\n<table style=\"width: 650px!important;\" width=\"699\">\n<tbody>\n<tr>\n<td style=\"text-align: center;\" width=\"179\"><strong><em>1-2. S\u0131n\u0131flar<\/em><\/strong><\/td>\n<td style=\"text-align: center;\" width=\"246\"><strong><em>3-4. S\u0131n\u0131flar<\/em><\/strong><\/td>\n<td style=\"text-align: center;\" width=\"274\"><strong><em>5-12. S\u0131n\u0131flar <\/em><\/strong><\/td>\n<\/tr>\n<tr>\n<td style=\"text-align: center;\" width=\"179\"><em>Art\u2019s Cool<\/em><\/p>\n<p><em>Resim At\u00f6lyesi (5 Ya\u015f)<\/em><\/p>\n<p><em>Seramik (5 Ya\u015f itibariyle)<\/em><\/p>\n<p><em>Stop Motion Animasyon<\/em><\/p>\n<p><em>\u00c7izgi Roman<\/em><\/p>\n<p><em>\u00dcnl\u00fc Ressamlar\u0131n Tablolar\u0131 At\u00f6lyesi\u00a0<\/em><\/td>\n<td style=\"text-align: center;\" width=\"246\"><em>Art\u2019s Cool<\/em><\/p>\n<p><em>Amigurumi<\/em><\/p>\n<p><em>Stop Motion Animasyon<\/em><\/p>\n<p><em>\u00a0 <\/em><em>Seramik<\/em><\/p>\n<p><em>\u00dcnl\u00fc Ressamlar\u0131n Tablolar\u0131 At\u00f6lyesi\u00a0<\/em><\/p>\n<p><em>\u00a0<\/em><\/td>\n<td width=\"274\">\n<p style=\"text-align: center;\"><em>Design Eco<\/em><\/p>\n<p style=\"text-align: center;\"><em>Karikat\u00fcr Fabrikas\u0131<\/em><\/p>\n<p style=\"text-align: center;\"><em>Drawing (5-12.s\u0131n\u0131f)<\/em><\/p>\n<p style=\"text-align: center;\"><em>Foto\u011fraf (5-12.s\u0131n\u0131f, yeti\u015fkin)<\/em><\/p>\n<\/td>\n<\/tr>\n<\/tbody>\n<\/table>\n<p>\n<\/div><div class=\"btClear btSeparator topSemiSpaced noBorder\" ><hr><\/div><\/div><\/div><div class=\"rowItem col-md-3 col-sm-6 col-ms-12 btTextLeft animate animate-fadein btTopVertical\"  data-width=\"3\"><div class=\"rowItemContent\" ><div class=\"btClear btSeparator topSemiSpaced noBorder\" ><hr><\/div><div class=\"btCustomMenu lcm-menu\" ><div class=\"menu-gorsel-sanatlar-container\"><ul id=\"menu-gorsel-sanatlar\" class=\"menu\"><li id=\"menu-item-6230\" class=\"menu-item menu-item-type-post_type menu-item-object-page menu-item-6230\"><a href=\"https:\/\/musicart.acischools.k12.tr\/?page_id=6228\">Amigurumi<\/a><\/li><li id=\"menu-item-4083\" class=\"menu-item menu-item-type-post_type menu-item-object-page menu-item-4083\"><a href=\"https:\/\/musicart.acischools.k12.tr\/?page_id=4069\">Art\u2019s Cool<\/a><\/li><li id=\"menu-item-4085\" class=\"menu-item menu-item-type-post_type menu-item-object-page menu-item-4085\"><a href=\"https:\/\/musicart.acischools.k12.tr\/?page_id=4074\">\u00c7izgi Roman<\/a><\/li><li id=\"menu-item-4088\" class=\"menu-item menu-item-type-post_type menu-item-object-page menu-item-4088\"><a href=\"https:\/\/musicart.acischools.k12.tr\/?page_id=4080\">Foto\u011fraf<\/a><\/li><li id=\"menu-item-4463\" class=\"menu-item menu-item-type-post_type menu-item-object-page menu-item-4463\"><a href=\"https:\/\/musicart.acischools.k12.tr\/?page_id=4461\">Seramik<\/a><\/li><li id=\"menu-item-4084\" class=\"menu-item menu-item-type-post_type menu-item-object-page menu-item-4084\"><a href=\"https:\/\/musicart.acischools.k12.tr\/?page_id=4072\">Stop Motion Animasyon<\/a><\/li><li id=\"menu-item-4464\" class=\"menu-item menu-item-type-post_type menu-item-object-page menu-item-4464\"><a href=\"https:\/\/musicart.acischools.k12.tr\/?page_id=4459\">\u00dcnl\u00fc Ressamlar\u0131n Tablolar\u0131<\/a><\/li>\n<\/ul><\/div><\/div><div class=\"btClear btSeparator topSemiSpaced noBorder\" ><hr><\/div><\/div><\/div><\/div><\/div><\/div><\/div><\/div><\/section>\n","protected":false},"excerpt":{"rendered":"","protected":false},"author":1,"featured_media":4329,"parent":0,"menu_order":0,"comment_status":"closed","ping_status":"closed","template":"","meta":{"footnotes":""},"class_list":["post-4064","page","type-page","status-publish","has-post-thumbnail","hentry"],"_links":{"self":[{"href":"https:\/\/musicart.acischools.k12.tr\/index.php?rest_route=\/wp\/v2\/pages\/4064","targetHints":{"allow":["GET"]}}],"collection":[{"href":"https:\/\/musicart.acischools.k12.tr\/index.php?rest_route=\/wp\/v2\/pages"}],"about":[{"href":"https:\/\/musicart.acischools.k12.tr\/index.php?rest_route=\/wp\/v2\/types\/page"}],"author":[{"embeddable":true,"href":"https:\/\/musicart.acischools.k12.tr\/index.php?rest_route=\/wp\/v2\/users\/1"}],"replies":[{"embeddable":true,"href":"https:\/\/musicart.acischools.k12.tr\/index.php?rest_route=%2Fwp%2Fv2%2Fcomments&post=4064"}],"version-history":[{"count":27,"href":"https:\/\/musicart.acischools.k12.tr\/index.php?rest_route=\/wp\/v2\/pages\/4064\/revisions"}],"predecessor-version":[{"id":6881,"href":"https:\/\/musicart.acischools.k12.tr\/index.php?rest_route=\/wp\/v2\/pages\/4064\/revisions\/6881"}],"wp:featuredmedia":[{"embeddable":true,"href":"https:\/\/musicart.acischools.k12.tr\/index.php?rest_route=\/wp\/v2\/media\/4329"}],"wp:attachment":[{"href":"https:\/\/musicart.acischools.k12.tr\/index.php?rest_route=%2Fwp%2Fv2%2Fmedia&parent=4064"}],"curies":[{"name":"wp","href":"https:\/\/api.w.org\/{rel}","templated":true}]}}