{"id":4043,"date":"2018-08-15T18:53:17","date_gmt":"2018-08-15T15:53:17","guid":{"rendered":"http:\/\/musicart.acischools.k12.tr\/new\/?page_id=4043"},"modified":"2024-01-14T10:07:41","modified_gmt":"2024-01-14T07:07:41","slug":"sahne-sanatlari","status":"publish","type":"page","link":"https:\/\/musicart.acischools.k12.tr\/?page_id=4043","title":{"rendered":"Sahne Sanatlar\u0131"},"content":{"rendered":"<section id=\"bt_section69f36051516e6\"  class=\"boldSection topSpaced bottomSpaced gutter inherit\" ><div class=\"port\"><div class=\"boldCell\"><div class=\"boldCellInner\"><div class=\"boldRow \" ><div class=\"boldRowInner\"><div class=\"rowItem btRightBorder col-md-9 col-ms-12  btTextLeft animate animate-fadein btTopVertical\"  data-width=\"9\"><div class=\"rowItemContent\" ><header class=\"header btClear large  btHeaderAccent3\" ><div class=\"dash\"><h2><span class=\"headline\">SAHNE SANATLARI<\/span><\/h2><\/div><\/header><div class=\"bpgPhoto \" ><div class = \"btImage\"><img decoding=\"async\" src=\"https:\/\/musicart.acischools.k12.tr\/wp-content\/uploads\/2018\/10\/r_sahne-sanatlari.jpg\" alt=\"\" title=\"\"><\/div><\/div><div class=\"btClear btSeparator topSemiSpaced noBorder\" ><hr><\/div><div class=\"btText\" ><\/p>\n<p>A\u00e7\u0131 M\u00fczik ve Sanat Okulu, Sahne Sanatlar\u0131 programlar\u0131yla \u00f6\u011frencilerinin profesyonel e\u011fitimciler e\u015fli\u011finde farkl\u0131 disiplinlerle tan\u0131\u015farak performans deneyimi kazanmas\u0131n\u0131 hedefler.<\/p>\n<p>\n<\/div><div class=\"btClear btSeparator topSemiSpaced noBorder\" ><hr><\/div><div class=\"btText\" ><\/p>\n<table width=\"590\">\n<tbody>\n<tr>\n<td width=\"157\">\n<p style=\"text-align: center;\"><strong><em>1-2. S\u0131n\u0131flar<\/em><\/strong><\/p>\n<\/td>\n<td style=\"text-align: center;\" width=\"234\"><strong><em>3-4. S\u0131n\u0131flar<\/em><\/strong><\/td>\n<td style=\"text-align: center;\" width=\"190\"><strong><em>5-12. S\u0131n\u0131flar \/ \u00a0Yeti\u015fkinler<\/em><\/strong><\/td>\n<\/tr>\n<tr>\n<td style=\"text-align: center;\" width=\"157\"><em>\u00a0<\/em><\/p>\n<p><em>\u00a0 \u00a0English Drama<\/em><\/p>\n<p><em>\u00a0 \u00a0Ritim ve Hareket<\/em><\/p>\n<p>M\u00fczik ve Sahne Sanatlar\u0131 (2. S\u0131n\u0131f itibariyle)<\/p>\n<p><em>\u00a0 \u00a0\u00a0<\/em><\/td>\n<td style=\"text-align: center;\" width=\"234\"><em>\u00a0<\/em><\/p>\n<p><em>English Drama\u00a0 \u00a0<\/em><\/p>\n<p>M\u00fczik ve Sahne Sanatlar\u0131<\/p>\n<p><em>\u00a0 \u00a0<\/em><\/td>\n<td width=\"190\">\n<p style=\"text-align: center;\"><em>M\u00fczikal Drama<\/em><\/p>\n<\/td>\n<\/tr>\n<\/tbody>\n<\/table>\n<p>\n<\/div><div class=\"btClear btSeparator topSemiSpaced noBorder\" ><hr><\/div><div class=\"btText\" ><\/p>\n<p><strong>Program hedeflerimiz:<\/strong><\/p>\n<p>\u2022 Grup dinami\u011fi i\u00e7inde kendini fark etme, sanatsal yan\u0131n\u0131 ortaya \u00e7\u0131karma<br \/>\n\u2022 Yarat\u0131c\u0131 d\u00fc\u015f\u00fcnme becerisini geli\u015ftirme<br \/>\n\u2022 Analiz ve yorumlama becerilerini geli\u015ftirme<br \/>\n\u2022 Oyunculuk potansiyelini geli\u015ftirme<br \/>\n\u2022 V\u00fccudunu daha iyi kullanabilme<br \/>\n\u2022 Etkili ve g\u00fczel konu\u015fabilme<br \/>\n\u2022 Do\u011fa\u00e7lama yetene\u011fini geli\u015ftirme<\/p>\n<p>\n<\/div><div class=\"btClear btSeparator topSemiSpaced noBorder\" ><hr><\/div><\/div><\/div><div class=\"rowItem col-md-3 col-sm-6 col-ms-12 btTextLeft animate animate-fadein btTopVertical\"  data-width=\"3\"><div class=\"rowItemContent\" ><div class=\"btClear btSeparator topSemiSpaced noBorder\" ><hr><\/div><div class=\"btCustomMenu lcm-menu\" ><div class=\"menu-sahne-sanatlari-container\"><ul id=\"menu-sahne-sanatlari\" class=\"menu\"><li id=\"menu-item-4058\" class=\"menu-item menu-item-type-post_type menu-item-object-page menu-item-4058\"><a href=\"https:\/\/musicart.acischools.k12.tr\/?page_id=4056\">English Drama<\/a><\/li><li id=\"menu-item-4059\" class=\"menu-item menu-item-type-post_type menu-item-object-page menu-item-4059\"><a href=\"https:\/\/musicart.acischools.k12.tr\/?page_id=4054\">M\u00fczikal Drama<\/a><\/li><li id=\"menu-item-6203\" class=\"menu-item menu-item-type-post_type menu-item-object-page menu-item-6203\"><a href=\"https:\/\/musicart.acischools.k12.tr\/?page_id=6197\">M\u00fczik ve Sahne Sanatlar\u0131<\/a><\/li><li id=\"menu-item-4061\" class=\"menu-item menu-item-type-post_type menu-item-object-page menu-item-4061\"><a href=\"https:\/\/musicart.acischools.k12.tr\/?page_id=4048\">Ritim ve Hareket (Pound Fit)<\/a><\/li>\n<\/ul><\/div><\/div><div class=\"btClear btSeparator topSemiSpaced noBorder\" ><hr><\/div><\/div><\/div><\/div><\/div><\/div><\/div><\/div><\/section>\n","protected":false},"excerpt":{"rendered":"","protected":false},"author":1,"featured_media":4319,"parent":0,"menu_order":0,"comment_status":"closed","ping_status":"closed","template":"","meta":{"footnotes":""},"class_list":["post-4043","page","type-page","status-publish","has-post-thumbnail","hentry"],"_links":{"self":[{"href":"https:\/\/musicart.acischools.k12.tr\/index.php?rest_route=\/wp\/v2\/pages\/4043","targetHints":{"allow":["GET"]}}],"collection":[{"href":"https:\/\/musicart.acischools.k12.tr\/index.php?rest_route=\/wp\/v2\/pages"}],"about":[{"href":"https:\/\/musicart.acischools.k12.tr\/index.php?rest_route=\/wp\/v2\/types\/page"}],"author":[{"embeddable":true,"href":"https:\/\/musicart.acischools.k12.tr\/index.php?rest_route=\/wp\/v2\/users\/1"}],"replies":[{"embeddable":true,"href":"https:\/\/musicart.acischools.k12.tr\/index.php?rest_route=%2Fwp%2Fv2%2Fcomments&post=4043"}],"version-history":[{"count":24,"href":"https:\/\/musicart.acischools.k12.tr\/index.php?rest_route=\/wp\/v2\/pages\/4043\/revisions"}],"predecessor-version":[{"id":6256,"href":"https:\/\/musicart.acischools.k12.tr\/index.php?rest_route=\/wp\/v2\/pages\/4043\/revisions\/6256"}],"wp:featuredmedia":[{"embeddable":true,"href":"https:\/\/musicart.acischools.k12.tr\/index.php?rest_route=\/wp\/v2\/media\/4319"}],"wp:attachment":[{"href":"https:\/\/musicart.acischools.k12.tr\/index.php?rest_route=%2Fwp%2Fv2%2Fmedia&parent=4043"}],"curies":[{"name":"wp","href":"https:\/\/api.w.org\/{rel}","templated":true}]}}