{"id":4014,"date":"2018-08-15T17:47:37","date_gmt":"2018-08-15T14:47:37","guid":{"rendered":"http:\/\/musicart.acischools.k12.tr\/new\/?page_id=4014"},"modified":"2022-02-18T11:47:44","modified_gmt":"2022-02-18T08:47:44","slug":"muzik","status":"publish","type":"page","link":"https:\/\/musicart.acischools.k12.tr\/?page_id=4014","title":{"rendered":"M\u00fczik"},"content":{"rendered":"<section id=\"bt_section69e1157e81913\"  class=\"boldSection topSemiSpaced bottomSpaced gutter inherit\" ><div class=\"port\"><div class=\"boldCell\"><div class=\"boldCellInner\"><div class=\"boldRow \" ><div class=\"boldRowInner\"><div class=\"rowItem btRightBorder col-md-9 col-ms-12  btTextLeft animate animate-fadein btTopVertical\"  data-width=\"9\"><div class=\"rowItemContent\" ><header class=\"header btClear large  btHeaderAccent3\" ><div class=\"dash\"><h2><span class=\"headline\">M\u00dcZ\u0130K<\/span><\/h2><\/div><\/header><div class=\"bpgPhoto \" ><div class = \"btImage\"><img decoding=\"async\" src=\"https:\/\/musicart.acischools.k12.tr\/wp-content\/uploads\/2018\/11\/muzik.jpg\" alt=\"\" title=\"\"><\/div><\/div><div class=\"btClear btSeparator topSemiSpaced noBorder\" ><hr><\/div><div class=\"btText\" ><\/p>\n<p>A\u00e7\u0131 M\u00fczik ve Sanat Okulu, farkl\u0131 ya\u015f gruplar\u0131na sundu\u011fu bireysel ve grup ders se\u00e7enekleriyle sanata sayg\u0131 duyan, vizyon sahibi gen\u00e7 m\u00fczisyenler yeti\u015ftirmeyi hedefler.<\/p>\n<p>Okulumuzda 4 ana b\u00f6l\u00fcm ve 11 bran\u015fta m\u00fczik e\u011fitimi verilmektedir.<\/p>\n<p><strong>\u2022 Telli \u00c7alg\u0131lar B\u00f6l\u00fcm\u00fc:<\/strong> Piyano \/ Klasik Gitar \/ Bas Gitar \/ Elektro Gitar<br \/>\n<strong>\u2022 Yayl\u0131 \u00c7alg\u0131lar B\u00f6l\u00fcm\u00fc:<\/strong> Keman \/ \u00c7ello<br \/>\n<strong>\u2022 Nefesli ve Vurmal\u0131 \u00c7alg\u0131lar B\u00f6l\u00fcm\u00fc:<\/strong> Fl\u00fct \/ Saksafon \/ Klarnet \/ Bateri<br \/>\n<strong>\u2022 Ses E\u011fitimi B\u00f6l\u00fcm\u00fc:<\/strong> Klasik \u015ean \/ Pop\u00fcler M\u00fczik Vokal \/ Tiyatral Vokal<\/p>\n<p>Yukar\u0131da belirtilen bran\u015flara ilaveten farkl\u0131 ya\u015f gruplar\u0131na uygun grup dersi se\u00e7enekleri mevcuttur.<\/p>\n<p><strong>Grup Dersleri:<\/strong> Solfej &amp; Koro \/ Ritim At\u00f6lyesi \/ Ensemble<\/p>\n<p>\n<\/div><div class=\"btClear btSeparator noBorder\" ><hr><\/div><\/div><\/div><div class=\"rowItem col-md-3 col-sm-6 col-ms-12 btTextLeft animate animate-fadein btTopVertical\"  data-width=\"3\"><div class=\"rowItemContent\" ><div class=\"btClear btSeparator topSemiSpaced noBorder\" ><hr><\/div><div class=\"btCustomMenu lcm-menu\" ><div class=\"menu-muzik-container\"><ul id=\"menu-muzik\" class=\"menu\"><li id=\"menu-item-4038\" class=\"menu-item menu-item-type-post_type menu-item-object-page menu-item-4038\"><a href=\"https:\/\/musicart.acischools.k12.tr\/?page_id=4019\">Bireysel Dersler<\/a><\/li><li id=\"menu-item-4037\" class=\"menu-item menu-item-type-post_type menu-item-object-page menu-item-4037\"><a href=\"https:\/\/musicart.acischools.k12.tr\/?page_id=4025\">Grup Dersleri<\/a><\/li><li id=\"menu-item-4036\" class=\"menu-item menu-item-type-post_type menu-item-object-page menu-item-4036\"><a href=\"https:\/\/musicart.acischools.k12.tr\/?page_id=4027\">Okul \u00d6ncesi<\/a><\/li><li id=\"menu-item-4035\" class=\"menu-item menu-item-type-post_type menu-item-object-page menu-item-4035\"><a href=\"https:\/\/musicart.acischools.k12.tr\/?page_id=4031\">Yeti\u015fkinler<\/a><\/li>\n<\/ul><\/div><\/div><div class=\"btClear btSeparator topSemiSpaced noBorder\" ><hr><\/div><\/div><\/div><\/div><\/div><\/div><\/div><\/div><\/section>\n","protected":false},"excerpt":{"rendered":"","protected":false},"author":1,"featured_media":4313,"parent":0,"menu_order":0,"comment_status":"closed","ping_status":"closed","template":"","meta":{"footnotes":""},"class_list":["post-4014","page","type-page","status-publish","has-post-thumbnail","hentry"],"_links":{"self":[{"href":"https:\/\/musicart.acischools.k12.tr\/index.php?rest_route=\/wp\/v2\/pages\/4014","targetHints":{"allow":["GET"]}}],"collection":[{"href":"https:\/\/musicart.acischools.k12.tr\/index.php?rest_route=\/wp\/v2\/pages"}],"about":[{"href":"https:\/\/musicart.acischools.k12.tr\/index.php?rest_route=\/wp\/v2\/types\/page"}],"author":[{"embeddable":true,"href":"https:\/\/musicart.acischools.k12.tr\/index.php?rest_route=\/wp\/v2\/users\/1"}],"replies":[{"embeddable":true,"href":"https:\/\/musicart.acischools.k12.tr\/index.php?rest_route=%2Fwp%2Fv2%2Fcomments&post=4014"}],"version-history":[{"count":16,"href":"https:\/\/musicart.acischools.k12.tr\/index.php?rest_route=\/wp\/v2\/pages\/4014\/revisions"}],"predecessor-version":[{"id":5971,"href":"https:\/\/musicart.acischools.k12.tr\/index.php?rest_route=\/wp\/v2\/pages\/4014\/revisions\/5971"}],"wp:featuredmedia":[{"embeddable":true,"href":"https:\/\/musicart.acischools.k12.tr\/index.php?rest_route=\/wp\/v2\/media\/4313"}],"wp:attachment":[{"href":"https:\/\/musicart.acischools.k12.tr\/index.php?rest_route=%2Fwp%2Fv2%2Fmedia&parent=4014"}],"curies":[{"name":"wp","href":"https:\/\/api.w.org\/{rel}","templated":true}]}}