{"id":3990,"date":"2018-08-15T16:38:43","date_gmt":"2018-08-15T13:38:43","guid":{"rendered":"http:\/\/musicart.acischools.k12.tr\/new\/?page_id=3990"},"modified":"2021-12-07T13:32:37","modified_gmt":"2021-12-07T10:32:37","slug":"iletisim","status":"publish","type":"page","link":"https:\/\/musicart.acischools.k12.tr\/?page_id=3990","title":{"rendered":"\u0130leti\u015fim"},"content":{"rendered":"<section id=\"bt_section69e3242694b37\"  class=\"boldSection topSpaced bottomSpaced gutter fullScreenHeight inherit\" ><div class=\"port\"><div class=\"boldCell\"><div class=\"boldCellInner\"><div class=\"boldRow \" ><div class=\"boldRowInner\"><div class=\"rowItem col-md-4 col-ms-12 btTextLeft animate animate-fadein btTopVertical\"  data-width=\"4\"><div class=\"rowItemContent\" ><header class=\"header btClear small  btHeaderAccent1\" ><div class=\"dash\"><h4><span class=\"headline\">Sar\u0131yer<\/span><\/h4><\/div><\/header><div class=\"btText\" ><\/p>\n<p>Bah\u00e7ek\u00f6y Valide Sultan Cad. Alay Yolu No:2 34473 Sar\u0131yer \/ \u0130stanbul<\/p>\n<p><strong>T<\/strong> +90 (212) 349 41 00<\/p>\n<p><strong>F<\/strong> +90 (212) 226 11 74<\/p>\n<p>\n<\/div><\/div><\/div><div class=\"rowItem col-md-4 col-ms-12 btTextLeft animate animate-fadein btTopVertical\"  data-width=\"4\"><div class=\"rowItemContent\" ><header class=\"header btClear small  btHeaderAccent2\" ><div class=\"dash\"><h4><span class=\"headline\">Bah\u00e7ek\u00f6y<\/span><\/h4><\/div><\/header><div class=\"btText\" ><\/p>\n<p>Bah\u00e7ek\u00f6y Valide Sultan Cad. Su Kemeri Mevkii No:2 34473 Sar\u0131yer \/ \u0130stanbul<\/p>\n<p><strong>T<\/strong>\u00a0+90 (212) 349 07 00<\/p>\n<p><strong>F<\/strong>\u00a0+90 (212) 226 34 88<\/p>\n<p>\n<\/div><\/div><\/div><div class=\"rowItem col-md-4 col-ms-12 btTextLeft animate animate-fadein btTopVertical\"  data-width=\"4\"><div class=\"rowItemContent\" ><header class=\"header btClear small  btHeaderAccent3\" ><div class=\"dash\"><h4><span class=\"headline\">Kemerburgaz<\/span><\/h4><\/div><\/header><div class=\"btText\" ><\/p>\n<p>Mithat Pa\u015fa Mah. Selanik Bulv. No:194\/A Kemerburgaz Ey\u00fcp<\/p>\n<p><strong>T<\/strong>\u00a0+90 (212) 349 45 50<\/p>\n<p>\n<\/div><\/div><\/div><\/div><\/div><div class=\"boldRow \" ><div class=\"boldRowInner\"><div class=\"rowItem col-md-12 col-ms-12  btTextLeft\"  data-width=\"12\"><div class=\"rowItemContent\" ><div class=\"btClear btSeparator topSemiSpaced noBorder\" ><hr><\/div><\/div><\/div><\/div><\/div><div class=\"boldRow \" ><div class=\"boldRowInner\"><div class=\"rowItem col-md-4 col-ms-12 btTextLeft animate animate-fadein btTopVertical\"  data-width=\"4\"><div class=\"rowItemContent\" ><header class=\"header btClear small  btHeaderAccent4\" ><div class=\"dash\"><h4><span class=\"headline\">Akatlar<\/span><\/h4><\/div><\/header><div class=\"btText\" ><\/p>\n<p>Zeytino\u011flu Cad. Ye\u015filay Sok. No: 4 \u2013 A<br \/>\n34335 \u2013 Etiler \/ \u0130stanbul<\/p>\n<p><strong>T<\/strong>\u00a0+90 (212) 349 05 00<\/p>\n<p><strong>F<\/strong>\u00a0+90 (212) 279 02 14<\/p>\n<p>\n<\/div><\/div><\/div><div class=\"rowItem col-md-4 col-ms-12 btTextLeft animate animate-fadein btTopVertical\"  data-width=\"4\"><div class=\"rowItemContent\" ><header class=\"header btClear small  btHeaderAccent1\" ><div class=\"dash\"><h4><span class=\"headline\">Levent<\/span><\/h4><\/div><\/header><div class=\"btText\" ><\/p>\n<p>Konaklar Mah. Aka\u011fa\u00e7 Sk. No:2 34330 \u2013 4.Levent \/ \u0130stanbul<\/p>\n<p><strong>T<\/strong>\u00a0+90 (212) 349 06 50<\/p>\n<p><strong>F<\/strong>\u00a0+90 (212) 279 09 10<\/p>\n<p>\n<\/div><\/div><\/div><div class=\"rowItem col-md-4 col-ms-12 btTextLeft animate animate-fadein btTopVertical\"  data-width=\"4\"><div class=\"rowItemContent\" ><header class=\"header btClear small  btHeaderAccent2\" ><div class=\"dash\"><h4><span class=\"headline\">Genel \u0130leti\u015fim<\/span><\/h4><\/div><\/header><div class=\"btText\" ><\/p>\n<p><strong>E<\/strong>\u00a0<a href=\"mailto:musicart@acischools.k12.tr\">musicart@acischools.k12.tr<\/a><br \/>\n<strong>T<\/strong>\u00a0+90 (212) 349 44 66<br \/>\n<strong>T<\/strong> +90 (0212) 349 05 33<\/p>\n<p>\n<\/div><\/div><\/div><\/div><\/div><\/div><\/div><\/div><\/section>\n","protected":false},"excerpt":{"rendered":"<p>Keeping your eye on the ball while performing a deep dive on the start-up mentality to derive convergence on cross-platform integration.<\/p>\n","protected":false},"author":1,"featured_media":2453,"parent":0,"menu_order":0,"comment_status":"closed","ping_status":"closed","template":"","meta":{"footnotes":""},"class_list":["post-3990","page","type-page","status-publish","has-post-thumbnail","hentry"],"_links":{"self":[{"href":"https:\/\/musicart.acischools.k12.tr\/index.php?rest_route=\/wp\/v2\/pages\/3990","targetHints":{"allow":["GET"]}}],"collection":[{"href":"https:\/\/musicart.acischools.k12.tr\/index.php?rest_route=\/wp\/v2\/pages"}],"about":[{"href":"https:\/\/musicart.acischools.k12.tr\/index.php?rest_route=\/wp\/v2\/types\/page"}],"author":[{"embeddable":true,"href":"https:\/\/musicart.acischools.k12.tr\/index.php?rest_route=\/wp\/v2\/users\/1"}],"replies":[{"embeddable":true,"href":"https:\/\/musicart.acischools.k12.tr\/index.php?rest_route=%2Fwp%2Fv2%2Fcomments&post=3990"}],"version-history":[{"count":11,"href":"https:\/\/musicart.acischools.k12.tr\/index.php?rest_route=\/wp\/v2\/pages\/3990\/revisions"}],"predecessor-version":[{"id":5959,"href":"https:\/\/musicart.acischools.k12.tr\/index.php?rest_route=\/wp\/v2\/pages\/3990\/revisions\/5959"}],"wp:featuredmedia":[{"embeddable":true,"href":"https:\/\/musicart.acischools.k12.tr\/index.php?rest_route=\/"}],"wp:attachment":[{"href":"https:\/\/musicart.acischools.k12.tr\/index.php?rest_route=%2Fwp%2Fv2%2Fmedia&parent=3990"}],"curies":[{"name":"wp","href":"https:\/\/api.w.org\/{rel}","templated":true}]}}