{"id":3943,"date":"2018-08-15T13:10:55","date_gmt":"2018-08-15T10:10:55","guid":{"rendered":"http:\/\/musicart.acischools.k12.tr\/new\/?page_id=3943"},"modified":"2024-10-22T10:05:18","modified_gmt":"2024-10-22T07:05:18","slug":"piyano","status":"publish","type":"page","link":"https:\/\/musicart.acischools.k12.tr\/?page_id=3943","title":{"rendered":"Piyano"},"content":{"rendered":"<section id=\"bt_section69e0ff1971d46\"  class=\"boldSection topSpaced bottomSpaced gutter inherit\" ><div class=\"port\"><div class=\"boldCell\"><div class=\"boldCellInner\"><div class=\"boldRow \" ><div class=\"boldRowInner\"><div class=\"rowItem btRightBorder col-md-9 col-ms-12  btTextLeft animate animate-fadein btTopVertical\"  data-width=\"9\"><div class=\"rowItemContent\" ><header class=\"header btClear large  btHeaderAccent2\" ><div class=\"dash\"><h2><span class=\"headline\">P\u0130YANO<\/span><\/h2><\/div><\/header><header class=\"header btClear small  btHeaderAccent3\" ><div class=\"dash\"><h4><span class=\"headline\">B\u00f6l\u00fcm Sorumlusu: I\u015f\u0131l Giray Uysal<\/span><\/h4><\/div><\/header><div class=\"btText\" ><\/p>\n<p>1989 y\u0131l\u0131nda \u0130zmir\u2019de do\u011fdu. \u0130lk m\u00fczik e\u011fitimine \u0130zmir Devlet Senfoni Orkestras\u0131 kurucular\u0131ndan keman sanat\u00e7\u0131s\u0131 dedesi Cezmi Giray ile ba\u015flad\u0131. \u0130zmir Dokuz Eyl\u00fcl \u00dcniversitesi Devlet Konservatuvar\u0131\u2019n\u0131n a\u00e7t\u0131\u011f\u0131 s\u0131navlar\u0131 kazanarak 1999 y\u0131l\u0131nda kursiyer, 2003 y\u0131l\u0131nda ise Lise devresi tam zamanl\u0131 \u00f6\u011frencisi olarak Yrd. Do\u00e7. Asl\u0131 Tuncay ile piyano e\u011fitimine devam etmeye hak kazand\u0131. 2007 y\u0131l\u0131nda lisans e\u011fitimi s\u0131navlar\u0131n\u0131 1.lik ile kazand\u0131.<\/p>\n<p>2009 y\u0131l\u0131nda Lisans2. s\u0131n\u0131fta konservatuvarda bir masterclass ger\u00e7ekle\u015ftiren Prof.Dalia Ouziel ile \u00e7al\u0131\u015ft\u0131 ve kendisinin daveti ile 2009 y\u0131l\u0131 Temmuz ay\u0131nda Bel\u00e7ika Dinant \u015fehrinde International Music Academy \u2018de Prof. Dalia Ouziel ve Prof. Nadine Delsaux ile \u00e7al\u0131\u015ft\u0131. Eyl\u00fcl ay\u0131nda Bel\u00e7ika Conservatoire Royal de Mons\u2019da girdi\u011fi s\u0131nav ile Prof. Dalia Ouzel\u2019in s\u0131n\u0131f\u0131nda lisans son s\u0131n\u0131fta e\u011fitim g\u00f6rmeye hak kazand\u0131. 2010 y\u0131l\u0131nda lisans devresinden \u00fcst\u00fcnl\u00fck derecesi ile mezun oldu ve Y\u00fcksek lisans e\u011fitimine ba\u015flad\u0131. 2013 y\u0131l\u0131 Haziran ay\u0131nda y\u00fcksek lisans e\u011fitimini ba\u015far\u0131 ile tamamlad\u0131 ve mezuniyet resitalinin yan\u0131 s\u0131ra \u201cAtat\u00fcrk\u2019\u00fcn T\u00fcrkiye\u2019de klasik bat\u0131 m\u00fczi\u011fini geli\u015ftirme \u00e7al\u0131\u015fmalar\u0131 ve ilk T\u00fcrk operas\u0131 \u2018\u00d6zsoy\u2019 \u201d konulu y\u00fcksek lisans tez \u00e7al\u0131\u015fmas\u0131 ile Bel\u00e7ika\u2019l\u0131 ve \u00ad Frans\u0131z hocalar\u0131n\u0131n be\u011feni ve ilgilerini kazand\u0131.<\/p>\n<p>E\u011fitim hayat\u0131 boyunca \u0130dil Biret, G\u00fclsin Onay, H\u00fcseyin Sermet gibi pek \u00e7ok \u00f6nemli isimle \u00e7al\u0131\u015ft\u0131 ve ayn\u0131 sahneyi payla\u015ft\u0131. 2013 Eyl\u00fcl ay\u0131ndan itibaren Mimar Sinan \u00dcniversitesi Devlet Konservatuvar\u0131 Piyano anasanat dal\u0131nda \u00d6\u011fretim G\u00f6revlisi, 2014 y\u0131l\u0131ndan beri ise A\u00e7\u0131 M\u00fczik ve Sanat Okulu Piyano e\u011fitmeni olarak \u00e7al\u0131\u015fan I\u015f\u0131l Giray Uysal ayn\u0131 zamanda Prof. Metin \u00dclk\u00fc ile Doktora e\u011fitimini s\u00fcrd\u00fcr\u00fcrken solo ve oda m\u00fczi\u011fi konserlerine devam etmektedir.<\/p>\n<p>A\u00e7\u0131 M\u00fczik ve Sanat Okulu\u2019ndaki piyano \u00f6\u011fretmenli\u011fi \u00e7al\u0131\u015fmalar\u0131na b\u00f6l\u00fcm sorumlusu olarak devam etmektedir.<\/p>\n<p><strong>\u00d6\u011fretmenler:<\/strong> Elif \u00d6zlem G\u00fcner, Elif Kandemir, Emre F\u0131rat Korkmaz, Esin \u0130nan Kuzucuk, G\u00f6zde B\u0131y\u0131kl\u0131o\u011flu, Handan Karaman, I\u015f\u0131l Giray, \u0130ldem Toks\u00f6zer, P\u0131nar \u015eanal, Seda \u00d6zbey, Serkan G\u00fcner,<\/p>\n<p>\n<\/div><div class=\"btClear btSeparator topSemiSpaced noBorder\" ><hr><\/div><div class=\"btText\" ><p><\/p>\n<\/div><div class=\"btClear btSeparator topSemiSpaced noBorder\" ><hr><\/div><\/div><\/div><div class=\"rowItem col-md-3 col-sm-6 col-ms-12 btTextLeft animate animate-fadein btTopVertical\"  data-width=\"3\"><div class=\"rowItemContent\" ><div class=\"btClear btSeparator topSemiSpaced noBorder\" ><hr><\/div><header class=\"header btClear medium  btHeaderAccent2\" ><div class=\"dash\"><h3><span class=\"headline\">Y\u00d6NET\u0130C\u0130 KADROSU<\/span><\/h3><\/div><\/header><div class=\"btCustomMenu \" ><div class=\"menu-yonetici-kadrosu-container\"><ul id=\"menu-yonetici-kadrosu\" class=\"menu\"><li id=\"menu-item-3922\" class=\"menu-item menu-item-type-post_type menu-item-object-page menu-item-3922\"><a href=\"https:\/\/musicart.acischools.k12.tr\/?page_id=3894\">M\u00fcd\u00fcr<\/a><\/li><li id=\"menu-item-3940\" class=\"menu-item menu-item-type-post_type menu-item-object-page menu-item-3940\"><a href=\"https:\/\/musicart.acischools.k12.tr\/?page_id=3933\">Koordinat\u00f6r<\/a><\/li>\n<\/ul><\/div><\/div><div class=\"btClear btSeparator topSemiSpaced noBorder\" ><hr><\/div><header class=\"header btClear medium  btHeaderAccent2\" ><div class=\"dash\"><h3><span class=\"headline\">E\u011e\u0130T\u0130M KADROSU<\/span><\/h3><\/div><\/header><div class=\"btCustomMenu \" ><div class=\"menu-egitim-kadrosu-container\"><ul id=\"menu-egitim-kadrosu\" class=\"menu\"><li id=\"menu-item-3945\" class=\"menu-item menu-item-type-post_type menu-item-object-page menu-item-3945\"><a href=\"https:\/\/musicart.acischools.k12.tr\/?page_id=3943\">Piyano<\/a><\/li><li id=\"menu-item-4285\" class=\"menu-item menu-item-type-post_type menu-item-object-page menu-item-4285\"><a href=\"https:\/\/musicart.acischools.k12.tr\/?page_id=4268\">Gitar<\/a><\/li><li id=\"menu-item-4513\" class=\"menu-item menu-item-type-post_type menu-item-object-page menu-item-4513\"><a href=\"https:\/\/musicart.acischools.k12.tr\/?page_id=4511\">G\u00f6rsel Sanatlar<\/a><\/li><li id=\"menu-item-4281\" class=\"menu-item menu-item-type-post_type menu-item-object-page menu-item-4281\"><a href=\"https:\/\/musicart.acischools.k12.tr\/?page_id=4276\">Sahne Sanatlar\u0131<\/a><\/li><li id=\"menu-item-4282\" class=\"menu-item menu-item-type-post_type menu-item-object-page menu-item-4282\"><a href=\"https:\/\/musicart.acischools.k12.tr\/?page_id=4274\">Ses E\u011fitimi<\/a><\/li><li id=\"menu-item-4284\" class=\"menu-item menu-item-type-post_type menu-item-object-page menu-item-4284\"><a href=\"https:\/\/musicart.acischools.k12.tr\/?page_id=4270\">Vurmal\u0131lar<\/a><\/li><li id=\"menu-item-4286\" class=\"menu-item menu-item-type-post_type menu-item-object-page menu-item-4286\"><a href=\"https:\/\/musicart.acischools.k12.tr\/?page_id=4265\">Yayl\u0131lar<\/a><\/li><li id=\"menu-item-6119\" class=\"menu-item menu-item-type-post_type menu-item-object-page menu-item-6119\"><a href=\"https:\/\/musicart.acischools.k12.tr\/?page_id=6031\">Okul \u00d6ncesi<\/a><\/li><li id=\"menu-item-6909\" class=\"menu-item menu-item-type-post_type menu-item-object-page menu-item-6909\"><a href=\"https:\/\/musicart.acischools.k12.tr\/?page_id=6907\">Geli\u015fim Programlar\u0131<\/a><\/li>\n<\/ul><\/div><\/div><div class=\"btClear btSeparator topSemiSpaced noBorder\" ><hr><\/div><\/div><\/div><\/div><\/div><div class=\"boldRow \" ><div class=\"boldRowInner\"><\/div><\/div><div class=\"boldRow \" ><div class=\"boldRowInner\"><\/div><\/div><\/div><\/div><\/div><\/section>\n","protected":false},"excerpt":{"rendered":"","protected":false},"author":1,"featured_media":2501,"parent":3926,"menu_order":0,"comment_status":"closed","ping_status":"closed","template":"","meta":{"footnotes":""},"class_list":["post-3943","page","type-page","status-publish","has-post-thumbnail","hentry"],"_links":{"self":[{"href":"https:\/\/musicart.acischools.k12.tr\/index.php?rest_route=\/wp\/v2\/pages\/3943","targetHints":{"allow":["GET"]}}],"collection":[{"href":"https:\/\/musicart.acischools.k12.tr\/index.php?rest_route=\/wp\/v2\/pages"}],"about":[{"href":"https:\/\/musicart.acischools.k12.tr\/index.php?rest_route=\/wp\/v2\/types\/page"}],"author":[{"embeddable":true,"href":"https:\/\/musicart.acischools.k12.tr\/index.php?rest_route=\/wp\/v2\/users\/1"}],"replies":[{"embeddable":true,"href":"https:\/\/musicart.acischools.k12.tr\/index.php?rest_route=%2Fwp%2Fv2%2Fcomments&post=3943"}],"version-history":[{"count":16,"href":"https:\/\/musicart.acischools.k12.tr\/index.php?rest_route=\/wp\/v2\/pages\/3943\/revisions"}],"predecessor-version":[{"id":6882,"href":"https:\/\/musicart.acischools.k12.tr\/index.php?rest_route=\/wp\/v2\/pages\/3943\/revisions\/6882"}],"up":[{"embeddable":true,"href":"https:\/\/musicart.acischools.k12.tr\/index.php?rest_route=\/wp\/v2\/pages\/3926"}],"wp:featuredmedia":[{"embeddable":true,"href":"https:\/\/musicart.acischools.k12.tr\/index.php?rest_route=\/"}],"wp:attachment":[{"href":"https:\/\/musicart.acischools.k12.tr\/index.php?rest_route=%2Fwp%2Fv2%2Fmedia&parent=3943"}],"curies":[{"name":"wp","href":"https:\/\/api.w.org\/{rel}","templated":true}]}}