{"id":3926,"date":"2018-08-15T12:42:52","date_gmt":"2018-08-15T09:42:52","guid":{"rendered":"http:\/\/musicart.acischools.k12.tr\/new\/?page_id=3926"},"modified":"2022-02-20T11:08:52","modified_gmt":"2022-02-20T08:08:52","slug":"okul-kadrosu","status":"publish","type":"page","link":"https:\/\/musicart.acischools.k12.tr\/?page_id=3926","title":{"rendered":"Okul Kadrosu"},"content":{"rendered":"<section id=\"bt_section69e0fd74889db\"  class=\"boldSection topSpaced bottomSpaced gutter inherit\" ><div class=\"port\"><div class=\"boldCell\"><div class=\"boldCellInner\"><div class=\"boldRow \" ><div class=\"boldRowInner\"><div class=\"rowItem btRightBorder col-md-9 col-ms-12  btTextLeft animate animate-fadein btTopVertical\"  data-width=\"9\"><div class=\"rowItemContent\" ><header class=\"header btClear large  btHeaderAccent2\" ><div class=\"dash\"><h2><span class=\"headline\">OKUL KADROSU<\/span><\/h2><\/div><\/header><div class=\"btText\" ><\/p>\n<p>A\u00e7\u0131 M\u00fczik ve Sanat Okulu e\u011fitim kadrosu dokuz alanda ders veren \u00f6\u011fretmenler ve y\u00f6netim kadrosundan olu\u015fur. E\u011fitim kadrosunda aranan en \u00f6nemli \u00f6zellik ders veren ki\u015finin ilgili daldaki ald\u0131\u011f\u0131 e\u011fitim ve yapt\u0131\u011f\u0131 \u00e7al\u0131\u015fmalard\u0131r.<\/p>\n<p>\n<\/div><div class=\"btClear btSeparator topSemiSpaced noBorder\" ><hr><\/div><div class=\"bpgPhoto \" ><div class = \"btImage\"><img decoding=\"async\" src=\"https:\/\/musicart.acischools.k12.tr\/wp-content\/uploads\/2018\/10\/okul-kadrosu.jpg\" alt=\"\" title=\"\"><\/div><\/div><div class=\"btClear btSeparator topSemiSpaced noBorder\" ><hr><\/div><\/div><\/div><div class=\"rowItem col-md-3 col-sm-6 col-ms-12 btTextLeft animate animate-fadein btTopVertical\"  data-width=\"3\"><div class=\"rowItemContent\" ><div class=\"btClear btSeparator topSemiSpaced noBorder\" ><hr><\/div><header class=\"header btClear medium  btHeaderAccent2\" ><div class=\"dash\"><h3><span class=\"headline\">Y\u00d6NET\u0130C\u0130 KADROSU<\/span><\/h3><\/div><\/header><div class=\"btCustomMenu \" ><div class=\"menu-yonetici-kadrosu-container\"><ul id=\"menu-yonetici-kadrosu\" class=\"menu\"><li id=\"menu-item-3922\" class=\"menu-item menu-item-type-post_type menu-item-object-page menu-item-3922\"><a href=\"https:\/\/musicart.acischools.k12.tr\/?page_id=3894\">M\u00fcd\u00fcr<\/a><\/li><li id=\"menu-item-3940\" class=\"menu-item menu-item-type-post_type menu-item-object-page menu-item-3940\"><a href=\"https:\/\/musicart.acischools.k12.tr\/?page_id=3933\">Koordinat\u00f6r<\/a><\/li>\n<\/ul><\/div><\/div><div class=\"btClear btSeparator topSemiSpaced noBorder\" ><hr><\/div><header class=\"header btClear medium  btHeaderAccent2\" ><div class=\"dash\"><h3><span class=\"headline\">E\u011e\u0130T\u0130M KADROSU<\/span><\/h3><\/div><\/header><div class=\"btCustomMenu \" ><div class=\"menu-egitim-kadrosu-container\"><ul id=\"menu-egitim-kadrosu\" class=\"menu\"><li id=\"menu-item-3945\" class=\"menu-item menu-item-type-post_type menu-item-object-page menu-item-3945\"><a href=\"https:\/\/musicart.acischools.k12.tr\/?page_id=3943\">Piyano<\/a><\/li><li id=\"menu-item-4285\" class=\"menu-item menu-item-type-post_type menu-item-object-page menu-item-4285\"><a href=\"https:\/\/musicart.acischools.k12.tr\/?page_id=4268\">Gitar<\/a><\/li><li id=\"menu-item-4513\" class=\"menu-item menu-item-type-post_type menu-item-object-page menu-item-4513\"><a href=\"https:\/\/musicart.acischools.k12.tr\/?page_id=4511\">G\u00f6rsel Sanatlar<\/a><\/li><li id=\"menu-item-4281\" class=\"menu-item menu-item-type-post_type menu-item-object-page menu-item-4281\"><a href=\"https:\/\/musicart.acischools.k12.tr\/?page_id=4276\">Sahne Sanatlar\u0131<\/a><\/li><li id=\"menu-item-4282\" class=\"menu-item menu-item-type-post_type menu-item-object-page menu-item-4282\"><a href=\"https:\/\/musicart.acischools.k12.tr\/?page_id=4274\">Ses E\u011fitimi<\/a><\/li><li id=\"menu-item-4284\" class=\"menu-item menu-item-type-post_type menu-item-object-page menu-item-4284\"><a href=\"https:\/\/musicart.acischools.k12.tr\/?page_id=4270\">Vurmal\u0131lar<\/a><\/li><li id=\"menu-item-4286\" class=\"menu-item menu-item-type-post_type menu-item-object-page menu-item-4286\"><a href=\"https:\/\/musicart.acischools.k12.tr\/?page_id=4265\">Yayl\u0131lar<\/a><\/li><li id=\"menu-item-6119\" class=\"menu-item menu-item-type-post_type menu-item-object-page menu-item-6119\"><a href=\"https:\/\/musicart.acischools.k12.tr\/?page_id=6031\">Okul \u00d6ncesi<\/a><\/li><li id=\"menu-item-6909\" class=\"menu-item menu-item-type-post_type menu-item-object-page menu-item-6909\"><a href=\"https:\/\/musicart.acischools.k12.tr\/?page_id=6907\">Geli\u015fim Programlar\u0131<\/a><\/li>\n<\/ul><\/div><\/div><div class=\"btClear btSeparator topLargeSpaced noBorder\" ><hr><\/div><a href=\"https:\/\/acischools.k12.tr\/kurumsal-bilgi\/insan-kaynaklari\/\" class=\"btBtn btBtn btnOutlineStyle btndefaultColor btnSmall btnNormalWidth btnRightPosition btnIco\" ><span class=\"btnInnerText\">KAR\u0130YER<\/span><span class=\"btIco \"><span  data-ico-of=\"&#xe930;\" class=\"btIcoHolder\"><\/span><\/span><\/a><div class=\"btClear btSeparator topSmallSpaced noBorder\" ><hr><\/div><\/div><\/div><\/div><\/div><div class=\"boldRow \" ><div class=\"boldRowInner\"><\/div><\/div><\/div><\/div><\/div><\/section>\n","protected":false},"excerpt":{"rendered":"","protected":false},"author":1,"featured_media":2501,"parent":0,"menu_order":0,"comment_status":"closed","ping_status":"closed","template":"","meta":{"footnotes":""},"class_list":["post-3926","page","type-page","status-publish","has-post-thumbnail","hentry"],"_links":{"self":[{"href":"https:\/\/musicart.acischools.k12.tr\/index.php?rest_route=\/wp\/v2\/pages\/3926","targetHints":{"allow":["GET"]}}],"collection":[{"href":"https:\/\/musicart.acischools.k12.tr\/index.php?rest_route=\/wp\/v2\/pages"}],"about":[{"href":"https:\/\/musicart.acischools.k12.tr\/index.php?rest_route=\/wp\/v2\/types\/page"}],"author":[{"embeddable":true,"href":"https:\/\/musicart.acischools.k12.tr\/index.php?rest_route=\/wp\/v2\/users\/1"}],"replies":[{"embeddable":true,"href":"https:\/\/musicart.acischools.k12.tr\/index.php?rest_route=%2Fwp%2Fv2%2Fcomments&post=3926"}],"version-history":[{"count":16,"href":"https:\/\/musicart.acischools.k12.tr\/index.php?rest_route=\/wp\/v2\/pages\/3926\/revisions"}],"predecessor-version":[{"id":6129,"href":"https:\/\/musicart.acischools.k12.tr\/index.php?rest_route=\/wp\/v2\/pages\/3926\/revisions\/6129"}],"wp:featuredmedia":[{"embeddable":true,"href":"https:\/\/musicart.acischools.k12.tr\/index.php?rest_route=\/"}],"wp:attachment":[{"href":"https:\/\/musicart.acischools.k12.tr\/index.php?rest_route=%2Fwp%2Fv2%2Fmedia&parent=3926"}],"curies":[{"name":"wp","href":"https:\/\/api.w.org\/{rel}","templated":true}]}}