{"id":3873,"date":"2018-08-14T18:25:03","date_gmt":"2018-08-14T15:25:03","guid":{"rendered":"http:\/\/musicart.acischools.k12.tr\/new\/?page_id=3873"},"modified":"2018-11-24T10:53:21","modified_gmt":"2018-11-24T08:53:21","slug":"misyon","status":"publish","type":"page","link":"https:\/\/musicart.acischools.k12.tr\/?page_id=3873","title":{"rendered":"Misyon"},"content":{"rendered":"<section id=\"bt_section69e0f87e02415\"  class=\"boldSection topSpaced bottomSpaced gutter inherit\" ><div class=\"port\"><div class=\"boldCell\"><div class=\"boldCellInner\"><div class=\"boldRow \" ><div class=\"boldRowInner\"><div class=\"rowItem col-md-6 col-sm-12 btTextLeft animate animate-fadein btTopVertical btNoPadding\" style=\"min-height: 400px;\" data-width=\"6\"><div class=\"rowItemContent\" ><div class=\"bpgPhoto \" ><div class = \"btImage\"><img decoding=\"async\" src=\"https:\/\/musicart.acischools.k12.tr\/wp-content\/uploads\/2018\/10\/misyon-1.jpg\" alt=\"\" title=\"\"><\/div><\/div><\/div><\/div><div class=\"rowItem col-md-6 col-sm-12 btTextLeft animate animate-fadein animate-moveleft inherit btTextIndent\"  data-width=\"6\"><div class=\"rowItemContent\" ><div class=\"boldRow \" style=\"max-width: 580px; float: left;\"><div class=\"boldRowInner\"><div class=\"rowItem rowInnerItem col-lg-12  btTextLeft\"  ><div class=\"rowItemContent\"><header class=\"header btClear large  btHeaderAccent2\" ><div class=\"dash\"><h2><span class=\"headline\">M\u0130SYONUMUZ<\/span><\/h2><\/div><div class=\"btSubTitle\">Okulumuz, amat\u00f6r veya profesyonel m\u00fczik ve sanat kariyer hedefleri olan, sanatsal becerileri ve k\u00fclt\u00fcr\u00fc geli\u015fmi\u015f, yetene\u011fini bilgiyle donatan gen\u00e7 sanat\u00e7\u0131lar yeti\u015ftirmeyi hedeflemektedir.<\/div><\/header><div class=\"btText\" ><\/p>\n<p>A\u00e7\u0131 M\u00fczik ve Sanat Okulu olarak m\u00fczik ve sanat e\u011fitiminin bireylerin akademik, sosyal, zihinsel ve duygusal ya\u015fant\u0131s\u0131na katk\u0131lar\u0131n\u0131n bilinciyle olu\u015fturdu\u011fumuz programlar\u0131m\u0131zla 2011 y\u0131l\u0131nda \u00e7al\u0131\u015fmalar\u0131m\u0131za ba\u015flad\u0131k. Programlar\u0131m\u0131z\u0131n temelinde bireysel farklar\u0131 ortaya \u00e7\u0131kararak, gen\u00e7 ve yeti\u015fkinlerin i\u00e7inde var olan potansiyeli sanat ve k\u00fclt\u00fcr d\u00fcnyas\u0131na aktarmay\u0131 hedefliyoruz.<\/p>\n<p>Bu do\u011frultuda yapt\u0131\u011f\u0131m\u0131z \u00e7al\u0131\u015fmalar\u0131 ulusal ve uluslararas\u0131 organizasyonlara ta\u015f\u0131yarak amat\u00f6r ve profesyonel gen\u00e7 sanat\u00e7\u0131lar\u0131n bir araya gelerek deneyimlerini payla\u015facaklar\u0131 platformlar olu\u015fturmak \u00f6ncelikli hedeflerimiz aras\u0131nda yer almaktad\u0131r.<\/p>\n<p>\n<\/div><div class=\"btClear btSeparator topSpaced noBorder\" ><hr><\/div><\/div><\/div><\/div><\/div><\/div><\/div><\/div><\/div><\/div><\/div><\/div><\/section>\n","protected":false},"excerpt":{"rendered":"<p>Nanotechnology immersion along the information highway will close the loop on focusing solely on the bottom line.<\/p>\n","protected":false},"author":1,"featured_media":3883,"parent":0,"menu_order":0,"comment_status":"closed","ping_status":"closed","template":"","meta":{"footnotes":""},"class_list":["post-3873","page","type-page","status-publish","has-post-thumbnail","hentry"],"_links":{"self":[{"href":"https:\/\/musicart.acischools.k12.tr\/index.php?rest_route=\/wp\/v2\/pages\/3873","targetHints":{"allow":["GET"]}}],"collection":[{"href":"https:\/\/musicart.acischools.k12.tr\/index.php?rest_route=\/wp\/v2\/pages"}],"about":[{"href":"https:\/\/musicart.acischools.k12.tr\/index.php?rest_route=\/wp\/v2\/types\/page"}],"author":[{"embeddable":true,"href":"https:\/\/musicart.acischools.k12.tr\/index.php?rest_route=\/wp\/v2\/users\/1"}],"replies":[{"embeddable":true,"href":"https:\/\/musicart.acischools.k12.tr\/index.php?rest_route=%2Fwp%2Fv2%2Fcomments&post=3873"}],"version-history":[{"count":22,"href":"https:\/\/musicart.acischools.k12.tr\/index.php?rest_route=\/wp\/v2\/pages\/3873\/revisions"}],"predecessor-version":[{"id":4755,"href":"https:\/\/musicart.acischools.k12.tr\/index.php?rest_route=\/wp\/v2\/pages\/3873\/revisions\/4755"}],"wp:featuredmedia":[{"embeddable":true,"href":"https:\/\/musicart.acischools.k12.tr\/index.php?rest_route=\/wp\/v2\/media\/3883"}],"wp:attachment":[{"href":"https:\/\/musicart.acischools.k12.tr\/index.php?rest_route=%2Fwp%2Fv2%2Fmedia&parent=3873"}],"curies":[{"name":"wp","href":"https:\/\/api.w.org\/{rel}","templated":true}]}}