{"id":3855,"date":"2024-08-14T17:10:59","date_gmt":"2024-08-14T14:10:59","guid":{"rendered":"http:\/\/musicart.acischools.k12.tr\/new\/?page_id=3855"},"modified":"2024-11-03T16:25:11","modified_gmt":"2024-11-03T13:25:11","slug":"okulumuz","status":"publish","type":"page","link":"https:\/\/musicart.acischools.k12.tr\/?page_id=3855","title":{"rendered":"Okulumuz"},"content":{"rendered":"<p><section id=\"bt_section69e0ff3597782\"  class=\"boldSection topSpaced bottomSpaced gutter inherit\" ><div class=\"port\"><div class=\"boldCell\"><div class=\"boldCellInner\"><div class=\"boldRow \" ><div class=\"boldRowInner\"><div class=\"rowItem col-md-6 col-sm-12 btTextLeft animate animate-fadein btTopVertical btNoPadding\" style=\"min-height: 400px;\" data-width=\"6\"><div class=\"rowItemContent\" ><div class=\"bpgPhoto \" ><div class = \"btImage\"><img decoding=\"async\" src=\"https:\/\/musicart.acischools.k12.tr\/wp-content\/uploads\/2018\/08\/about1.jpg\" alt=\"\" title=\"\"><\/div><\/div><\/div><\/div><div class=\"rowItem col-md-6 col-sm-12 btTextLeft animate animate-fadein animate-moveleft inherit btTextIndent\"  data-width=\"6\"><div class=\"rowItemContent\" ><div class=\"boldRow \" style=\"max-width: 580px; float: left;\"><div class=\"boldRowInner\"><div class=\"rowItem rowInnerItem col-lg-12  btTextLeft\"  ><div class=\"rowItemContent\"><header class=\"header btClear large  btHeaderAccent2\" ><div class=\"dash\"><h2><span class=\"headline\">OKULUMUZ<\/span><\/h2><\/div><\/header><div class=\"btText\" ><\/p>\n<p>Okulumuzda; m\u00fczik, sahne ve g\u00f6rsel sanatlar alanlar\u0131nda e\u011fitim almak ve kendini geli\u015ftirmek isteyen farkl\u0131 ya\u015f gruplar\u0131ndan \u00f6\u011frencilerimize deneyimli kadromuz ve uluslararas\u0131 standartlardaki program se\u00e7eneklerimizle 24 farkl\u0131 dalda e\u011fitim olana\u011f\u0131 sunuyoruz.<\/p>\n<p>A\u00e7\u0131 M\u00fczik ve Sanat Okulu olarak, s\u00fcrekli geli\u015fime, dinamizme ve sanat\u0131n payla\u015ft\u0131k\u00e7a daha zenginle\u015fece\u011fine inan\u0131yoruz. Buradan yola \u00e7\u0131karak \u00f6\u011frencilerimize ald\u0131klar\u0131 e\u011fitimin paralelinde \u00e7e\u015fitli sanat\u00e7\u0131larla ve ya\u015f\u0131tlar\u0131yla bulu\u015fabilecekleri platformalar olu\u015fturmaya \u00f6zen g\u00f6steriyoruz.<\/p>\n<p>\n<\/div><div class=\"btClear btSeparator topSmallSpaced noBorder\" ><hr><\/div><\/div><\/div><\/div><\/div><\/div><\/div><\/div><\/div><div class=\"boldRow \" ><div class=\"boldRowInner\"><div class=\"rowItem col-md-12 col-ms-12  btTextLeft animate animate-fadein btMiddleVertical btNoPadding\"  data-width=\"12\"><div class=\"rowItemContent\" ><div class=\"btText\" ><\/p>\n<p>Okulumuz b\u00fcnyesinde yer alan \u00e7al\u0131\u015fmalar\u0131, okul i\u00e7i ve d\u0131\u015f\u0131nda d\u00fczenlenen \u00e7e\u015fitli performans ve gezi etkinlikleri, profesyonel sanat\u00e7\u0131lar\u0131n kat\u0131l\u0131m\u0131yla y\u0131l i\u00e7erisinde d\u00fczenlenen workshop, dinleti &amp; s\u00f6yle\u015fi organizasyonlar\u0131yla destekliyor, \u00f6\u011frencilerimizin ya\u015famlar\u0131na sanat ile farkl\u0131l\u0131k katmalar\u0131ndan mutluluk ve heyecan duyuyoruz.<\/p>\n<p>Okulumuz, t\u00fcm bireysel \u00e7al\u0131\u015fma yap\u0131lan alanlarda, \u201cLondon College of Music\u201d m\u00fcfredat\u0131n\u0131 uygular ve yetkili s\u0131nav merkezidir.<\/p>\n<p>\n<\/div><\/div><\/div><\/div><\/div><\/div><\/div><\/div><\/section><section id=\"bt_section69e0ff35992c2\" data-parallax=\"0.5\" data-parallax-offset=\"0\" class=\"boldSection topSemiSpaced bottomSmallSpaced btDarkSkin gutter inherit btParallax wBackground cover btBackgroundOverlay btSolidDarkBackground\" style=\"background-image:url('');\"><div class=\"port\"><div class=\"boldCell\"><div class=\"boldCellInner\"><div class=\"boldRow \" ><div class=\"boldRowInner\"><div class=\"rowItem btRightBorder col-md-4 col-ms-12 btTextCenter animate animate-fadein inherit\"  data-width=\"4\"><div class=\"rowItemContent\" ><div class=\"btCounterHolder  btCounterNormalSize\"><span class=\"btCounter animate\" data-digit-length=\"3\"><span class=\"onedigit p3 d4\" data-digit=\"4\"><span class=\"n0\">0<\/span><span class=\"n1\">1<\/span><span class=\"n2\">2<\/span><span class=\"n3\">3<\/span><span class=\"n4\">4<\/span><span class=\"n5\">5<\/span><span class=\"n6\">6<\/span><span class=\"n7\">7<\/span><span class=\"n8\">8<\/span><span class=\"n9\">9<\/span><span class=\"n0\">0<\/span><\/span><span class=\"onedigit p2 d5\" data-digit=\"5\"><span class=\"n0\">0<\/span><span class=\"n1\">1<\/span><span class=\"n2\">2<\/span><span class=\"n3\">3<\/span><span class=\"n4\">4<\/span><span class=\"n5\">5<\/span><span class=\"n6\">6<\/span><span class=\"n7\">7<\/span><span class=\"n8\">8<\/span><span class=\"n9\">9<\/span><span class=\"n0\">0<\/span><\/span><span class=\"onedigit p1 d1\" data-digit=\"1\"><span class=\"n0\">0<\/span><span class=\"n1\">1<\/span><span class=\"n2\">2<\/span><span class=\"n3\">3<\/span><span class=\"n4\">4<\/span><span class=\"n5\">5<\/span><span class=\"n6\">6<\/span><span class=\"n7\">7<\/span><span class=\"n8\">8<\/span><span class=\"n9\">9<\/span><span class=\"n0\">0<\/span><\/span><\/span><\/div><div class=\"btClear btSeparator noBorder\" ><hr><\/div><header class=\"header btClear medium  btHeaderAccent1\" ><div class=\"dash\"><h3><span class=\"headline\">\u00d6\u011eRENC\u0130<\/span><\/h3><\/div><\/header><\/div><\/div><div class=\"rowItem btRightBorder col-md-4 col-ms-12 btTextCenter animate animate-fadein inherit\"  data-width=\"4\"><div class=\"rowItemContent\" ><div class=\"btCounterHolder  btCounterNormalSize\"><span class=\"btCounter animate\" data-digit-length=\"2\"><span class=\"onedigit p2 d2\" data-digit=\"2\"><span class=\"n0\">0<\/span><span class=\"n1\">1<\/span><span class=\"n2\">2<\/span><span class=\"n3\">3<\/span><span class=\"n4\">4<\/span><span class=\"n5\">5<\/span><span class=\"n6\">6<\/span><span class=\"n7\">7<\/span><span class=\"n8\">8<\/span><span class=\"n9\">9<\/span><span class=\"n0\">0<\/span><\/span><span class=\"onedigit p1 d8\" data-digit=\"8\"><span class=\"n0\">0<\/span><span class=\"n1\">1<\/span><span class=\"n2\">2<\/span><span class=\"n3\">3<\/span><span class=\"n4\">4<\/span><span class=\"n5\">5<\/span><span class=\"n6\">6<\/span><span class=\"n7\">7<\/span><span class=\"n8\">8<\/span><span class=\"n9\">9<\/span><span class=\"n0\">0<\/span><\/span><\/span><\/div><div class=\"btClear btSeparator noBorder\" ><hr><\/div><header class=\"header btClear medium  btHeaderAccent2\" ><div class=\"dash\"><h3><span class=\"headline\">\u00d6\u011eRETMEN<\/span><\/h3><\/div><\/header><\/div><\/div><div class=\"rowItem col-md-4 col-ms-12 btTextCenter animate animate-fadein inherit\"  data-width=\"4\"><div class=\"rowItemContent\" ><div class=\"btCounterHolder  btCounterNormalSize\"><span class=\"btCounter animate\" data-digit-length=\"1\"><span class=\"onedigit p1 d4\" data-digit=\"4\"><span class=\"n0\">0<\/span><span class=\"n1\">1<\/span><span class=\"n2\">2<\/span><span class=\"n3\">3<\/span><span class=\"n4\">4<\/span><span class=\"n5\">5<\/span><span class=\"n6\">6<\/span><span class=\"n7\">7<\/span><span class=\"n8\">8<\/span><span class=\"n9\">9<\/span><span class=\"n0\">0<\/span><\/span><\/span><\/div><div class=\"btClear btSeparator noBorder\" ><hr><\/div><header class=\"header btClear medium  btHeaderAccent3\" ><div class=\"dash\"><h3><span class=\"headline\">KAMP\u00dcS<\/span><\/h3><\/div><\/header><\/div><\/div><\/div><\/div><\/div><\/div><\/div><\/section><section id=\"bt_section69e0ff3599d1d\"  class=\"boldSection bottomSpaced gutter inherit\" ><div class=\"port\"><div class=\"boldCell\"><div class=\"boldCellInner\"><div class=\"boldRow \" ><div class=\"boldRowInner\"><div class=\"rowItem col-md-6 col-sm-12 btTextLeft\"  data-width=\"6\"><div class=\"rowItemContent\" ><div class=\"btText\" ><\/p>\n<p><iframe loading=\"lazy\" src=\"https:\/\/www.youtube.com\/embed\/7ifi6KXn4lA\" width=\"560\" height=\"315\" frameborder=\"0\" allowfullscreen=\"allowfullscreen\"><\/iframe><\/p>\n<p>\n<\/div><\/div><\/div><div class=\"rowItem col-md-6 col-sm-12 btTextLeft\"  data-width=\"6\"><div class=\"rowItemContent\" ><div class=\"btText\" ><\/p>\n<p><iframe loading=\"lazy\" src=\"https:\/\/www.youtube.com\/embed\/UZ2x4N2whdU\" width=\"560\" height=\"315\" frameborder=\"0\" allowfullscreen=\"allowfullscreen\"><\/iframe><\/p>\n<p>\n<\/div><\/div><\/div><\/div><\/div><\/div><\/div><\/div><\/section><section id=\"bt_section69e0ff359a128\"  class=\"boldSection bottomSpaced gutter inherit\" ><div class=\"port\"><div class=\"boldCell\"><div class=\"boldCellInner\"><div class=\"boldRow \" ><div class=\"boldRowInner\"><div class=\"rowItem col-md-6 col-sm-12 btTextLeft\"  data-width=\"6\"><div class=\"rowItemContent\" ><div class=\"btText\" ><\/p>\n<p><iframe loading=\"lazy\" src=\"https:\/\/www.youtube.com\/embed\/Tjx9j6rNA30\" width=\"560\" height=\"315\" frameborder=\"0\" allowfullscreen=\"allowfullscreen\"><\/iframe><\/p>\n<p>\n<\/div><\/div><\/div><div class=\"rowItem col-md-6 col-sm-12 btTextLeft\"  data-width=\"6\"><div class=\"rowItemContent\" ><div class=\"btText\" ><\/p>\n<p><iframe loading=\"lazy\" src=\"https:\/\/www.youtube.com\/embed\/1v37GkCX28s?rel=0\" width=\"560\" height=\"315\" frameborder=\"0\" allowfullscreen=\"allowfullscreen\"><\/iframe><\/p>\n<p>\n<\/div><\/div><\/div><\/div><\/div><\/div><\/div><\/div><\/section><\/p>\n","protected":false},"excerpt":{"rendered":"","protected":false},"author":1,"featured_media":3863,"parent":0,"menu_order":0,"comment_status":"closed","ping_status":"closed","template":"","meta":{"footnotes":""},"class_list":["post-3855","page","type-page","status-publish","has-post-thumbnail","hentry"],"_links":{"self":[{"href":"https:\/\/musicart.acischools.k12.tr\/index.php?rest_route=\/wp\/v2\/pages\/3855","targetHints":{"allow":["GET"]}}],"collection":[{"href":"https:\/\/musicart.acischools.k12.tr\/index.php?rest_route=\/wp\/v2\/pages"}],"about":[{"href":"https:\/\/musicart.acischools.k12.tr\/index.php?rest_route=\/wp\/v2\/types\/page"}],"author":[{"embeddable":true,"href":"https:\/\/musicart.acischools.k12.tr\/index.php?rest_route=\/wp\/v2\/users\/1"}],"replies":[{"embeddable":true,"href":"https:\/\/musicart.acischools.k12.tr\/index.php?rest_route=%2Fwp%2Fv2%2Fcomments&post=3855"}],"version-history":[{"count":55,"href":"https:\/\/musicart.acischools.k12.tr\/index.php?rest_route=\/wp\/v2\/pages\/3855\/revisions"}],"predecessor-version":[{"id":6940,"href":"https:\/\/musicart.acischools.k12.tr\/index.php?rest_route=\/wp\/v2\/pages\/3855\/revisions\/6940"}],"wp:featuredmedia":[{"embeddable":true,"href":"https:\/\/musicart.acischools.k12.tr\/index.php?rest_route=\/wp\/v2\/media\/3863"}],"wp:attachment":[{"href":"https:\/\/musicart.acischools.k12.tr\/index.php?rest_route=%2Fwp%2Fv2%2Fmedia&parent=3855"}],"curies":[{"name":"wp","href":"https:\/\/api.w.org\/{rel}","templated":true}]}}